{"id":810,"date":"2024-05-28T12:13:22","date_gmt":"2024-05-28T15:13:22","guid":{"rendered":"https:\/\/papamosca.com.br\/site\/?post_type=product&#038;p=810"},"modified":"2025-01-30T12:55:26","modified_gmt":"2025-01-30T15:55:26","slug":"planthor-garden","status":"publish","type":"product","link":"https:\/\/papamosca.com.br\/site\/produto\/planthor-garden\/","title":{"rendered":"Planthor Garden"},"content":{"rendered":"<p>As principais fun\u00e7\u00f5es do Planthor Garden s\u00e3o:<\/p>\n<p>&#8211; Nutrir a planta e garantir que ela tenha um desenvolvimento forte e sustent\u00e1vel;<\/p>\n<p>&#8211; Auxilia no desenvolvimento de ra\u00edzes mais fortes garantindo absor\u00e7\u00e3o de \u00e1gua e outros nutrientes do solo;<\/p>\n<p>&#8211; Acelera o processo de fotoss\u00edntese, promovendo o crescimento e desenvolvimento sustent\u00e1vel das plantas;<\/p>\n<p>&#8211; Auxilia no desenvolvimento de flores, frutos e sementes;<\/p>\n<p>&#8211; Cores mais vivas para flores e folhas;<\/p>\n<p>&#8211; Fornece importantes nutrientes para a atividade respirat\u00f3ria das plantas.<\/p>\n<p>&nbsp;<\/p>\n<p><strong>Informa\u00e7\u00f5es importantes:<\/strong><\/p>\n<p>&#8211; Fornece \u00e1gua periodicamente para as plantas;<\/p>\n<p>&#8211; O uso adequado de corretivos de solo, &#8211; o controle de pragas e doen\u00e7as \u00e9 um manejo imprescind\u00edvel para garantir o desenvolvimento adequado das plantas;<\/p>\n<p>&#8211; A utiliza\u00e7\u00e3o do Planthor Garden n\u00e3o substitui nenhuma das pr\u00e1ticas acima mencionadas;<\/p>\n<p>Planthor Garden n\u00e3o \u00e9 toxico.<\/p>\n<p>&nbsp;<\/p>\n","protected":false},"excerpt":{"rendered":"<p>Fertilizando foliar formulado com Macro e Micronutrientes promotores de crescimento e desenvolvimento das plantas.<\/p>\n<p>&#8211; Nutre, acelera e auxilia o crescimento do jardim.<\/p>\n<p>&#8211; Cuidar das plantas ficou mais f\u00e1cil.<\/p>\n<p>&#8211; Plantas com um verde mais vivo.<\/p>\n","protected":false},"featured_media":812,"template":"","meta":[],"product_brand":[],"product_cat":[30],"product_tag":[],"class_list":{"0":"post-810","1":"product","2":"type-product","3":"status-publish","4":"has-post-thumbnail","6":"product_cat-linha-jardim","8":"first","9":"instock","10":"shipping-taxable","11":"product-type-simple"},"yoast_head":"<!-- This site is optimized with the Yoast SEO plugin v27.4 - https:\/\/yoast.com\/product\/yoast-seo-wordpress\/ -->\n<title>Planthor Garden - J.A Ambiental<\/title>\n<meta name=\"robots\" content=\"index, follow, max-snippet:-1, max-image-preview:large, max-video-preview:-1\" \/>\n<link rel=\"canonical\" href=\"https:\/\/papamosca.com.br\/site\/produto\/planthor-garden\/\" \/>\n<meta property=\"og:locale\" content=\"pt_BR\" \/>\n<meta property=\"og:type\" content=\"article\" \/>\n<meta property=\"og:title\" content=\"Planthor Garden - J.A Ambiental\" \/>\n<meta property=\"og:description\" content=\"Fertilizando foliar formulado com Macro e Micronutrientes promotores de crescimento e desenvolvimento das plantas.  - Nutre, acelera e auxilia o crescimento do jardim.  - Cuidar das plantas ficou mais f\u00e1cil.  - Plantas com um verde mais vivo.\" \/>\n<meta property=\"og:url\" content=\"https:\/\/papamosca.com.br\/site\/produto\/planthor-garden\/\" \/>\n<meta property=\"og:site_name\" content=\"J.A Ambiental\" \/>\n<meta property=\"article:publisher\" content=\"https:\/\/www.facebook.com\/jaambiental\" \/>\n<meta property=\"article:modified_time\" content=\"2025-01-30T15:55:26+00:00\" \/>\n<meta property=\"og:image\" content=\"https:\/\/papamosca.com.br\/site\/wp-content\/uploads\/2024\/05\/garden-1l.jpg\" \/>\n\t<meta property=\"og:image:width\" content=\"1000\" \/>\n\t<meta property=\"og:image:height\" content=\"1000\" \/>\n\t<meta property=\"og:image:type\" content=\"image\/jpeg\" \/>\n<meta name=\"twitter:card\" content=\"summary_large_image\" \/>\n<meta name=\"twitter:label1\" content=\"Est. tempo de leitura\" \/>\n\t<meta name=\"twitter:data1\" content=\"1 minuto\" \/>\n<script type=\"application\/ld+json\" class=\"yoast-schema-graph\">{\"@context\":\"https:\\\/\\\/schema.org\",\"@graph\":[{\"@type\":\"WebPage\",\"@id\":\"https:\\\/\\\/papamosca.com.br\\\/site\\\/produto\\\/planthor-garden\\\/\",\"url\":\"https:\\\/\\\/papamosca.com.br\\\/site\\\/produto\\\/planthor-garden\\\/\",\"name\":\"Planthor Garden - J.A Ambiental\",\"isPartOf\":{\"@id\":\"https:\\\/\\\/papamosca.com.br\\\/site\\\/#website\"},\"primaryImageOfPage\":{\"@id\":\"https:\\\/\\\/papamosca.com.br\\\/site\\\/produto\\\/planthor-garden\\\/#primaryimage\"},\"image\":{\"@id\":\"https:\\\/\\\/papamosca.com.br\\\/site\\\/produto\\\/planthor-garden\\\/#primaryimage\"},\"thumbnailUrl\":\"https:\\\/\\\/papamosca.com.br\\\/site\\\/wp-content\\\/uploads\\\/2024\\\/05\\\/garden-1l.jpg\",\"datePublished\":\"2024-05-28T15:13:22+00:00\",\"dateModified\":\"2025-01-30T15:55:26+00:00\",\"breadcrumb\":{\"@id\":\"https:\\\/\\\/papamosca.com.br\\\/site\\\/produto\\\/planthor-garden\\\/#breadcrumb\"},\"inLanguage\":\"pt-BR\",\"potentialAction\":[{\"@type\":\"ReadAction\",\"target\":[\"https:\\\/\\\/papamosca.com.br\\\/site\\\/produto\\\/planthor-garden\\\/\"]}]},{\"@type\":\"ImageObject\",\"inLanguage\":\"pt-BR\",\"@id\":\"https:\\\/\\\/papamosca.com.br\\\/site\\\/produto\\\/planthor-garden\\\/#primaryimage\",\"url\":\"https:\\\/\\\/papamosca.com.br\\\/site\\\/wp-content\\\/uploads\\\/2024\\\/05\\\/garden-1l.jpg\",\"contentUrl\":\"https:\\\/\\\/papamosca.com.br\\\/site\\\/wp-content\\\/uploads\\\/2024\\\/05\\\/garden-1l.jpg\",\"width\":1000,\"height\":1000},{\"@type\":\"BreadcrumbList\",\"@id\":\"https:\\\/\\\/papamosca.com.br\\\/site\\\/produto\\\/planthor-garden\\\/#breadcrumb\",\"itemListElement\":[{\"@type\":\"ListItem\",\"position\":1,\"name\":\"In\u00edcio\",\"item\":\"https:\\\/\\\/papamosca.com.br\\\/site\\\/\"},{\"@type\":\"ListItem\",\"position\":2,\"name\":\"Produtos\",\"item\":\"https:\\\/\\\/papamosca.com.br\\\/site\\\/produtos\\\/\"},{\"@type\":\"ListItem\",\"position\":3,\"name\":\"Planthor Garden\"}]},{\"@type\":\"WebSite\",\"@id\":\"https:\\\/\\\/papamosca.com.br\\\/site\\\/#website\",\"url\":\"https:\\\/\\\/papamosca.com.br\\\/site\\\/\",\"name\":\"J.A Ambiental\",\"description\":\"Empresa especializada em produtos para controle de moscas, insetos e roedores.\",\"publisher\":{\"@id\":\"https:\\\/\\\/papamosca.com.br\\\/site\\\/#organization\"},\"potentialAction\":[{\"@type\":\"SearchAction\",\"target\":{\"@type\":\"EntryPoint\",\"urlTemplate\":\"https:\\\/\\\/papamosca.com.br\\\/site\\\/?s={search_term_string}\"},\"query-input\":{\"@type\":\"PropertyValueSpecification\",\"valueRequired\":true,\"valueName\":\"search_term_string\"}}],\"inLanguage\":\"pt-BR\"},{\"@type\":\"Organization\",\"@id\":\"https:\\\/\\\/papamosca.com.br\\\/site\\\/#organization\",\"name\":\"J.A Ambiental\",\"url\":\"https:\\\/\\\/papamosca.com.br\\\/site\\\/\",\"logo\":{\"@type\":\"ImageObject\",\"inLanguage\":\"pt-BR\",\"@id\":\"https:\\\/\\\/papamosca.com.br\\\/site\\\/#\\\/schema\\\/logo\\\/image\\\/\",\"url\":\"https:\\\/\\\/papamosca.com.br\\\/site\\\/wp-content\\\/uploads\\\/2023\\\/01\\\/logo-e1674739313371.png\",\"contentUrl\":\"https:\\\/\\\/papamosca.com.br\\\/site\\\/wp-content\\\/uploads\\\/2023\\\/01\\\/logo-e1674739313371.png\",\"width\":199,\"height\":100,\"caption\":\"J.A Ambiental\"},\"image\":{\"@id\":\"https:\\\/\\\/papamosca.com.br\\\/site\\\/#\\\/schema\\\/logo\\\/image\\\/\"},\"sameAs\":[\"https:\\\/\\\/www.facebook.com\\\/jaambiental\",\"https:\\\/\\\/www.instagram.com\\\/jaambiental\\\/\"]}]}<\/script>\n<!-- \/ Yoast SEO plugin. -->","yoast_head_json":{"title":"Planthor Garden - J.A Ambiental","robots":{"index":"index","follow":"follow","max-snippet":"max-snippet:-1","max-image-preview":"max-image-preview:large","max-video-preview":"max-video-preview:-1"},"canonical":"https:\/\/papamosca.com.br\/site\/produto\/planthor-garden\/","og_locale":"pt_BR","og_type":"article","og_title":"Planthor Garden - J.A Ambiental","og_description":"Fertilizando foliar formulado com Macro e Micronutrientes promotores de crescimento e desenvolvimento das plantas.  - Nutre, acelera e auxilia o crescimento do jardim.  - Cuidar das plantas ficou mais f\u00e1cil.  - Plantas com um verde mais vivo.","og_url":"https:\/\/papamosca.com.br\/site\/produto\/planthor-garden\/","og_site_name":"J.A Ambiental","article_publisher":"https:\/\/www.facebook.com\/jaambiental","article_modified_time":"2025-01-30T15:55:26+00:00","og_image":[{"width":1000,"height":1000,"url":"https:\/\/papamosca.com.br\/site\/wp-content\/uploads\/2024\/05\/garden-1l.jpg","type":"image\/jpeg"}],"twitter_card":"summary_large_image","twitter_misc":{"Est. tempo de leitura":"1 minuto"},"schema":{"@context":"https:\/\/schema.org","@graph":[{"@type":"WebPage","@id":"https:\/\/papamosca.com.br\/site\/produto\/planthor-garden\/","url":"https:\/\/papamosca.com.br\/site\/produto\/planthor-garden\/","name":"Planthor Garden - J.A Ambiental","isPartOf":{"@id":"https:\/\/papamosca.com.br\/site\/#website"},"primaryImageOfPage":{"@id":"https:\/\/papamosca.com.br\/site\/produto\/planthor-garden\/#primaryimage"},"image":{"@id":"https:\/\/papamosca.com.br\/site\/produto\/planthor-garden\/#primaryimage"},"thumbnailUrl":"https:\/\/papamosca.com.br\/site\/wp-content\/uploads\/2024\/05\/garden-1l.jpg","datePublished":"2024-05-28T15:13:22+00:00","dateModified":"2025-01-30T15:55:26+00:00","breadcrumb":{"@id":"https:\/\/papamosca.com.br\/site\/produto\/planthor-garden\/#breadcrumb"},"inLanguage":"pt-BR","potentialAction":[{"@type":"ReadAction","target":["https:\/\/papamosca.com.br\/site\/produto\/planthor-garden\/"]}]},{"@type":"ImageObject","inLanguage":"pt-BR","@id":"https:\/\/papamosca.com.br\/site\/produto\/planthor-garden\/#primaryimage","url":"https:\/\/papamosca.com.br\/site\/wp-content\/uploads\/2024\/05\/garden-1l.jpg","contentUrl":"https:\/\/papamosca.com.br\/site\/wp-content\/uploads\/2024\/05\/garden-1l.jpg","width":1000,"height":1000},{"@type":"BreadcrumbList","@id":"https:\/\/papamosca.com.br\/site\/produto\/planthor-garden\/#breadcrumb","itemListElement":[{"@type":"ListItem","position":1,"name":"In\u00edcio","item":"https:\/\/papamosca.com.br\/site\/"},{"@type":"ListItem","position":2,"name":"Produtos","item":"https:\/\/papamosca.com.br\/site\/produtos\/"},{"@type":"ListItem","position":3,"name":"Planthor Garden"}]},{"@type":"WebSite","@id":"https:\/\/papamosca.com.br\/site\/#website","url":"https:\/\/papamosca.com.br\/site\/","name":"J.A Ambiental","description":"Empresa especializada em produtos para controle de moscas, insetos e roedores.","publisher":{"@id":"https:\/\/papamosca.com.br\/site\/#organization"},"potentialAction":[{"@type":"SearchAction","target":{"@type":"EntryPoint","urlTemplate":"https:\/\/papamosca.com.br\/site\/?s={search_term_string}"},"query-input":{"@type":"PropertyValueSpecification","valueRequired":true,"valueName":"search_term_string"}}],"inLanguage":"pt-BR"},{"@type":"Organization","@id":"https:\/\/papamosca.com.br\/site\/#organization","name":"J.A Ambiental","url":"https:\/\/papamosca.com.br\/site\/","logo":{"@type":"ImageObject","inLanguage":"pt-BR","@id":"https:\/\/papamosca.com.br\/site\/#\/schema\/logo\/image\/","url":"https:\/\/papamosca.com.br\/site\/wp-content\/uploads\/2023\/01\/logo-e1674739313371.png","contentUrl":"https:\/\/papamosca.com.br\/site\/wp-content\/uploads\/2023\/01\/logo-e1674739313371.png","width":199,"height":100,"caption":"J.A Ambiental"},"image":{"@id":"https:\/\/papamosca.com.br\/site\/#\/schema\/logo\/image\/"},"sameAs":["https:\/\/www.facebook.com\/jaambiental","https:\/\/www.instagram.com\/jaambiental\/"]}]}},"_links":{"self":[{"href":"https:\/\/papamosca.com.br\/site\/wp-json\/wp\/v2\/product\/810","targetHints":{"allow":["GET"]}}],"collection":[{"href":"https:\/\/papamosca.com.br\/site\/wp-json\/wp\/v2\/product"}],"about":[{"href":"https:\/\/papamosca.com.br\/site\/wp-json\/wp\/v2\/types\/product"}],"wp:featuredmedia":[{"embeddable":true,"href":"https:\/\/papamosca.com.br\/site\/wp-json\/wp\/v2\/media\/812"}],"wp:attachment":[{"href":"https:\/\/papamosca.com.br\/site\/wp-json\/wp\/v2\/media?parent=810"}],"wp:term":[{"taxonomy":"product_brand","embeddable":true,"href":"https:\/\/papamosca.com.br\/site\/wp-json\/wp\/v2\/product_brand?post=810"},{"taxonomy":"product_cat","embeddable":true,"href":"https:\/\/papamosca.com.br\/site\/wp-json\/wp\/v2\/product_cat?post=810"},{"taxonomy":"product_tag","embeddable":true,"href":"https:\/\/papamosca.com.br\/site\/wp-json\/wp\/v2\/product_tag?post=810"}],"curies":[{"name":"wp","href":"https:\/\/api.w.org\/{rel}","templated":true}]}}