{"id":553,"date":"2023-12-14T16:28:19","date_gmt":"2023-12-14T19:28:19","guid":{"rendered":"https:\/\/papamosca.com.br\/site\/?post_type=product&#038;p=553"},"modified":"2025-01-26T20:37:30","modified_gmt":"2025-01-26T23:37:30","slug":"atrativo-6l","status":"publish","type":"product","link":"https:\/\/papamosca.com.br\/site\/produto\/atrativo-6l\/","title":{"rendered":"Atrativo 6L"},"content":{"rendered":"<p>O\u00a0Papa Mosca vem em uma embalagem PEAD virgem\u00a06 litros aplicado nas armadilhas papa mosca, que s\u00e3o dispositivos simples e pr\u00e1ticos que capturam as moscas j\u00e1 nos primeiros segundos. O produto tem uma\u00a0alta efici\u00eancia\u00a0e um\u00a0controle duradouro\u00a0das moscas, reduzindo drasticamente ou eliminando a necessidade de controle qu\u00edmico. Com o uso do produto, h\u00e1 um aumento na qualidade de vida e na sa\u00fade animal, humana e ambiental.<\/p>\n<p>\u00c9 indicado para diversos ambientes, como granjas, fazendas, abatedouros, ind\u00fastrias, restaurantes, hot\u00e9is, lix\u00f5es, entre outros. Experimente essa solu\u00e7\u00e3o revolucion\u00e1ria e comprove a sua efic\u00e1cia. O Papa Mosca \u00e9 a refer\u00eancia no controle de moscas.<\/p>\n<p><strong>Vantagens:<\/strong><\/p>\n<ul>\n<li>Atrai e elimina rapidamente as moscas, atra\u00e7\u00e3o instant\u00e2nea;<\/li>\n<li>Reduz mais de 90% a popula\u00e7\u00e3o local de moscas;<\/li>\n<li>Aumenta a sanidade das instala\u00e7\u00f5es animais;<\/li>\n<li>Captura mais de 120 mil moscas por armadilha;<\/li>\n<li>Econ\u00f4mico;<\/li>\n<li>Seguro para o homem, animais e para o meio ambiente.<\/li>\n<\/ul>\n<p>O Papa Mosca \u00e9 um produto exclusivo e inovador, que oferece uma solu\u00e7\u00e3o ecol\u00f3gica e definitiva contra as moscas, que s\u00e3o pragas que podem transmitir doen\u00e7as e causar preju\u00edzos. Ele funciona \u00e0 base de um atrativo org\u00e2nico n\u00e3o t\u00f3xico, que imita a alimenta\u00e7\u00e3o e a reprodu\u00e7\u00e3o das moscas, atraindo-as e eliminando-as sem o uso de venenos ou inseticidas.<\/p>\n<p><strong>Modo de usar:<\/strong><\/p>\n<p>&#8211; Armadilha biol\u00f3gica: agite e adicione 2 litros de atrativo na armadilha, coar a cada 7 dias, reaproveitar o atrativo (s\u00f3 completar novamente), enterrar ou queimar as moscas capturadas.<br \/>\n&#8211; Armadilha de tela: adicionar 1,5 litros de atrativo no recipiente pl\u00e1stico, pendurar a armadilha e observar a cada 10 dias para repor o atrativo.<\/p>\n<p><strong>Instru\u00e7\u00f5es de montagem<\/strong><\/p>\n<p>Clique nos links e veja como montar as armadilhas e colocar o atrativo:<\/p>\n<p><a href=\"https:\/\/youtu.be\/FzoLfkjD9uQ?si=0rfXiBVWgWeqmaed\" target=\"_blank\" rel=\"noopener\">Armadilha Biol\u00f3gica<\/a><\/p>\n<p><a href=\"https:\/\/youtu.be\/uls3lkVdupg?si=IGjWZPWExiBWBqw2\" target=\"_blank\" rel=\"noopener\">Armadilha de Tela<\/a><\/p>\n<p>Agite o atrativo antes de abrir<br \/>\nArmazene em local fresco e arejado.<\/p>\n","protected":false},"excerpt":{"rendered":"<p>O atrativo Papa Mosca \u00e9 um produto biol\u00f3gico que combate as moscas de forma eficaz e sustent\u00e1vel. Ele \u00e9 composto por prote\u00edna e \u00e1gua, atraindo-as e eliminando-as sem o uso de venenos ou inseticidas. O produto \u00e9 seguro para o homem, os animais e o meio ambiente, pois \u00e9 totalmente natural e n\u00e3o cont\u00e9m nenhum componente qu\u00edmico.<\/p>\n","protected":false},"featured_media":647,"template":"","meta":[],"product_brand":[],"product_cat":[18],"product_tag":[],"class_list":{"0":"post-553","1":"product","2":"type-product","3":"status-publish","4":"has-post-thumbnail","6":"product_cat-papa-mosca","8":"first","9":"instock","10":"shipping-taxable","11":"product-type-simple"},"yoast_head":"<!-- This site is optimized with the Yoast SEO plugin v27.4 - https:\/\/yoast.com\/product\/yoast-seo-wordpress\/ -->\n<title>Atrativo 6L - J.A Ambiental<\/title>\n<meta name=\"robots\" content=\"index, follow, max-snippet:-1, max-image-preview:large, max-video-preview:-1\" \/>\n<link rel=\"canonical\" href=\"https:\/\/papamosca.com.br\/site\/produto\/atrativo-6l\/\" \/>\n<meta property=\"og:locale\" content=\"pt_BR\" \/>\n<meta property=\"og:type\" content=\"article\" \/>\n<meta property=\"og:title\" content=\"Atrativo 6L - J.A Ambiental\" \/>\n<meta property=\"og:description\" content=\"O atrativo Papa Mosca \u00e9 um produto biol\u00f3gico que combate as moscas de forma eficaz e sustent\u00e1vel. Ele \u00e9 composto por prote\u00edna e \u00e1gua, atraindo-as e eliminando-as sem o uso de venenos ou inseticidas. O produto \u00e9 seguro para o homem, os animais e o meio ambiente, pois \u00e9 totalmente natural e n\u00e3o cont\u00e9m nenhum componente qu\u00edmico.\" \/>\n<meta property=\"og:url\" content=\"https:\/\/papamosca.com.br\/site\/produto\/atrativo-6l\/\" \/>\n<meta property=\"og:site_name\" content=\"J.A Ambiental\" \/>\n<meta property=\"article:publisher\" content=\"https:\/\/www.facebook.com\/jaambiental\" \/>\n<meta property=\"article:modified_time\" content=\"2025-01-26T23:37:30+00:00\" \/>\n<meta property=\"og:image\" content=\"https:\/\/papamosca.com.br\/site\/wp-content\/uploads\/2023\/12\/JA-Ambiental-Protudos-1000x1000px-04a-1.jpg\" \/>\n\t<meta property=\"og:image:width\" content=\"1000\" \/>\n\t<meta property=\"og:image:height\" content=\"1000\" \/>\n\t<meta property=\"og:image:type\" content=\"image\/jpeg\" \/>\n<meta name=\"twitter:card\" content=\"summary_large_image\" \/>\n<meta name=\"twitter:label1\" content=\"Est. tempo de leitura\" \/>\n\t<meta name=\"twitter:data1\" content=\"2 minutos\" \/>\n<script type=\"application\/ld+json\" class=\"yoast-schema-graph\">{\"@context\":\"https:\\\/\\\/schema.org\",\"@graph\":[{\"@type\":\"WebPage\",\"@id\":\"https:\\\/\\\/papamosca.com.br\\\/site\\\/produto\\\/atrativo-6l\\\/\",\"url\":\"https:\\\/\\\/papamosca.com.br\\\/site\\\/produto\\\/atrativo-6l\\\/\",\"name\":\"Atrativo 6L - J.A Ambiental\",\"isPartOf\":{\"@id\":\"https:\\\/\\\/papamosca.com.br\\\/site\\\/#website\"},\"primaryImageOfPage\":{\"@id\":\"https:\\\/\\\/papamosca.com.br\\\/site\\\/produto\\\/atrativo-6l\\\/#primaryimage\"},\"image\":{\"@id\":\"https:\\\/\\\/papamosca.com.br\\\/site\\\/produto\\\/atrativo-6l\\\/#primaryimage\"},\"thumbnailUrl\":\"https:\\\/\\\/papamosca.com.br\\\/site\\\/wp-content\\\/uploads\\\/2023\\\/12\\\/JA-Ambiental-Protudos-1000x1000px-04a-1.jpg\",\"datePublished\":\"2023-12-14T19:28:19+00:00\",\"dateModified\":\"2025-01-26T23:37:30+00:00\",\"breadcrumb\":{\"@id\":\"https:\\\/\\\/papamosca.com.br\\\/site\\\/produto\\\/atrativo-6l\\\/#breadcrumb\"},\"inLanguage\":\"pt-BR\",\"potentialAction\":[{\"@type\":\"ReadAction\",\"target\":[\"https:\\\/\\\/papamosca.com.br\\\/site\\\/produto\\\/atrativo-6l\\\/\"]}]},{\"@type\":\"ImageObject\",\"inLanguage\":\"pt-BR\",\"@id\":\"https:\\\/\\\/papamosca.com.br\\\/site\\\/produto\\\/atrativo-6l\\\/#primaryimage\",\"url\":\"https:\\\/\\\/papamosca.com.br\\\/site\\\/wp-content\\\/uploads\\\/2023\\\/12\\\/JA-Ambiental-Protudos-1000x1000px-04a-1.jpg\",\"contentUrl\":\"https:\\\/\\\/papamosca.com.br\\\/site\\\/wp-content\\\/uploads\\\/2023\\\/12\\\/JA-Ambiental-Protudos-1000x1000px-04a-1.jpg\",\"width\":1000,\"height\":1000},{\"@type\":\"BreadcrumbList\",\"@id\":\"https:\\\/\\\/papamosca.com.br\\\/site\\\/produto\\\/atrativo-6l\\\/#breadcrumb\",\"itemListElement\":[{\"@type\":\"ListItem\",\"position\":1,\"name\":\"In\u00edcio\",\"item\":\"https:\\\/\\\/papamosca.com.br\\\/site\\\/\"},{\"@type\":\"ListItem\",\"position\":2,\"name\":\"Produtos\",\"item\":\"https:\\\/\\\/papamosca.com.br\\\/site\\\/produtos\\\/\"},{\"@type\":\"ListItem\",\"position\":3,\"name\":\"Atrativo 6L\"}]},{\"@type\":\"WebSite\",\"@id\":\"https:\\\/\\\/papamosca.com.br\\\/site\\\/#website\",\"url\":\"https:\\\/\\\/papamosca.com.br\\\/site\\\/\",\"name\":\"J.A Ambiental\",\"description\":\"Empresa especializada em produtos para controle de moscas, insetos e roedores.\",\"publisher\":{\"@id\":\"https:\\\/\\\/papamosca.com.br\\\/site\\\/#organization\"},\"potentialAction\":[{\"@type\":\"SearchAction\",\"target\":{\"@type\":\"EntryPoint\",\"urlTemplate\":\"https:\\\/\\\/papamosca.com.br\\\/site\\\/?s={search_term_string}\"},\"query-input\":{\"@type\":\"PropertyValueSpecification\",\"valueRequired\":true,\"valueName\":\"search_term_string\"}}],\"inLanguage\":\"pt-BR\"},{\"@type\":\"Organization\",\"@id\":\"https:\\\/\\\/papamosca.com.br\\\/site\\\/#organization\",\"name\":\"J.A Ambiental\",\"url\":\"https:\\\/\\\/papamosca.com.br\\\/site\\\/\",\"logo\":{\"@type\":\"ImageObject\",\"inLanguage\":\"pt-BR\",\"@id\":\"https:\\\/\\\/papamosca.com.br\\\/site\\\/#\\\/schema\\\/logo\\\/image\\\/\",\"url\":\"https:\\\/\\\/papamosca.com.br\\\/site\\\/wp-content\\\/uploads\\\/2023\\\/01\\\/logo-e1674739313371.png\",\"contentUrl\":\"https:\\\/\\\/papamosca.com.br\\\/site\\\/wp-content\\\/uploads\\\/2023\\\/01\\\/logo-e1674739313371.png\",\"width\":199,\"height\":100,\"caption\":\"J.A Ambiental\"},\"image\":{\"@id\":\"https:\\\/\\\/papamosca.com.br\\\/site\\\/#\\\/schema\\\/logo\\\/image\\\/\"},\"sameAs\":[\"https:\\\/\\\/www.facebook.com\\\/jaambiental\",\"https:\\\/\\\/www.instagram.com\\\/jaambiental\\\/\"]}]}<\/script>\n<!-- \/ Yoast SEO plugin. -->","yoast_head_json":{"title":"Atrativo 6L - J.A Ambiental","robots":{"index":"index","follow":"follow","max-snippet":"max-snippet:-1","max-image-preview":"max-image-preview:large","max-video-preview":"max-video-preview:-1"},"canonical":"https:\/\/papamosca.com.br\/site\/produto\/atrativo-6l\/","og_locale":"pt_BR","og_type":"article","og_title":"Atrativo 6L - J.A Ambiental","og_description":"O atrativo Papa Mosca \u00e9 um produto biol\u00f3gico que combate as moscas de forma eficaz e sustent\u00e1vel. Ele \u00e9 composto por prote\u00edna e \u00e1gua, atraindo-as e eliminando-as sem o uso de venenos ou inseticidas. O produto \u00e9 seguro para o homem, os animais e o meio ambiente, pois \u00e9 totalmente natural e n\u00e3o cont\u00e9m nenhum componente qu\u00edmico.","og_url":"https:\/\/papamosca.com.br\/site\/produto\/atrativo-6l\/","og_site_name":"J.A Ambiental","article_publisher":"https:\/\/www.facebook.com\/jaambiental","article_modified_time":"2025-01-26T23:37:30+00:00","og_image":[{"width":1000,"height":1000,"url":"https:\/\/papamosca.com.br\/site\/wp-content\/uploads\/2023\/12\/JA-Ambiental-Protudos-1000x1000px-04a-1.jpg","type":"image\/jpeg"}],"twitter_card":"summary_large_image","twitter_misc":{"Est. tempo de leitura":"2 minutos"},"schema":{"@context":"https:\/\/schema.org","@graph":[{"@type":"WebPage","@id":"https:\/\/papamosca.com.br\/site\/produto\/atrativo-6l\/","url":"https:\/\/papamosca.com.br\/site\/produto\/atrativo-6l\/","name":"Atrativo 6L - J.A Ambiental","isPartOf":{"@id":"https:\/\/papamosca.com.br\/site\/#website"},"primaryImageOfPage":{"@id":"https:\/\/papamosca.com.br\/site\/produto\/atrativo-6l\/#primaryimage"},"image":{"@id":"https:\/\/papamosca.com.br\/site\/produto\/atrativo-6l\/#primaryimage"},"thumbnailUrl":"https:\/\/papamosca.com.br\/site\/wp-content\/uploads\/2023\/12\/JA-Ambiental-Protudos-1000x1000px-04a-1.jpg","datePublished":"2023-12-14T19:28:19+00:00","dateModified":"2025-01-26T23:37:30+00:00","breadcrumb":{"@id":"https:\/\/papamosca.com.br\/site\/produto\/atrativo-6l\/#breadcrumb"},"inLanguage":"pt-BR","potentialAction":[{"@type":"ReadAction","target":["https:\/\/papamosca.com.br\/site\/produto\/atrativo-6l\/"]}]},{"@type":"ImageObject","inLanguage":"pt-BR","@id":"https:\/\/papamosca.com.br\/site\/produto\/atrativo-6l\/#primaryimage","url":"https:\/\/papamosca.com.br\/site\/wp-content\/uploads\/2023\/12\/JA-Ambiental-Protudos-1000x1000px-04a-1.jpg","contentUrl":"https:\/\/papamosca.com.br\/site\/wp-content\/uploads\/2023\/12\/JA-Ambiental-Protudos-1000x1000px-04a-1.jpg","width":1000,"height":1000},{"@type":"BreadcrumbList","@id":"https:\/\/papamosca.com.br\/site\/produto\/atrativo-6l\/#breadcrumb","itemListElement":[{"@type":"ListItem","position":1,"name":"In\u00edcio","item":"https:\/\/papamosca.com.br\/site\/"},{"@type":"ListItem","position":2,"name":"Produtos","item":"https:\/\/papamosca.com.br\/site\/produtos\/"},{"@type":"ListItem","position":3,"name":"Atrativo 6L"}]},{"@type":"WebSite","@id":"https:\/\/papamosca.com.br\/site\/#website","url":"https:\/\/papamosca.com.br\/site\/","name":"J.A Ambiental","description":"Empresa especializada em produtos para controle de moscas, insetos e roedores.","publisher":{"@id":"https:\/\/papamosca.com.br\/site\/#organization"},"potentialAction":[{"@type":"SearchAction","target":{"@type":"EntryPoint","urlTemplate":"https:\/\/papamosca.com.br\/site\/?s={search_term_string}"},"query-input":{"@type":"PropertyValueSpecification","valueRequired":true,"valueName":"search_term_string"}}],"inLanguage":"pt-BR"},{"@type":"Organization","@id":"https:\/\/papamosca.com.br\/site\/#organization","name":"J.A Ambiental","url":"https:\/\/papamosca.com.br\/site\/","logo":{"@type":"ImageObject","inLanguage":"pt-BR","@id":"https:\/\/papamosca.com.br\/site\/#\/schema\/logo\/image\/","url":"https:\/\/papamosca.com.br\/site\/wp-content\/uploads\/2023\/01\/logo-e1674739313371.png","contentUrl":"https:\/\/papamosca.com.br\/site\/wp-content\/uploads\/2023\/01\/logo-e1674739313371.png","width":199,"height":100,"caption":"J.A Ambiental"},"image":{"@id":"https:\/\/papamosca.com.br\/site\/#\/schema\/logo\/image\/"},"sameAs":["https:\/\/www.facebook.com\/jaambiental","https:\/\/www.instagram.com\/jaambiental\/"]}]}},"_links":{"self":[{"href":"https:\/\/papamosca.com.br\/site\/wp-json\/wp\/v2\/product\/553","targetHints":{"allow":["GET"]}}],"collection":[{"href":"https:\/\/papamosca.com.br\/site\/wp-json\/wp\/v2\/product"}],"about":[{"href":"https:\/\/papamosca.com.br\/site\/wp-json\/wp\/v2\/types\/product"}],"wp:featuredmedia":[{"embeddable":true,"href":"https:\/\/papamosca.com.br\/site\/wp-json\/wp\/v2\/media\/647"}],"wp:attachment":[{"href":"https:\/\/papamosca.com.br\/site\/wp-json\/wp\/v2\/media?parent=553"}],"wp:term":[{"taxonomy":"product_brand","embeddable":true,"href":"https:\/\/papamosca.com.br\/site\/wp-json\/wp\/v2\/product_brand?post=553"},{"taxonomy":"product_cat","embeddable":true,"href":"https:\/\/papamosca.com.br\/site\/wp-json\/wp\/v2\/product_cat?post=553"},{"taxonomy":"product_tag","embeddable":true,"href":"https:\/\/papamosca.com.br\/site\/wp-json\/wp\/v2\/product_tag?post=553"}],"curies":[{"name":"wp","href":"https:\/\/api.w.org\/{rel}","templated":true}]}}