{"id":548,"date":"2023-12-14T11:43:54","date_gmt":"2023-12-14T14:43:54","guid":{"rendered":"https:\/\/papamosca.com.br\/site\/?post_type=product&#038;p=548"},"modified":"2025-01-30T12:57:23","modified_gmt":"2025-01-30T15:57:23","slug":"t-rex","status":"publish","type":"product","link":"https:\/\/papamosca.com.br\/site\/produto\/t-rex\/","title":{"rendered":"T-REX"},"content":{"rendered":"<p>O\u00a0T-REX\u00a0\u00e9 uma armadilha de impacto instant\u00e2neo para ratos, ratazanas e camundongos. Ela \u00e9 feita de polipropileno e nylon de alta resist\u00eancia, que garantem sua durabilidade e efici\u00eancia. Ela tem um mecanismo de mola que se fecha com for\u00e7a sobre o roedor, causando sua morte r\u00e1pida e sem sofrimento. Ela tamb\u00e9m tem um design que facilita a limpeza e o descarte do animal capturado.<\/p>\n<p>O T-REX \u00e9 usado no porta-isca papa ratos. T-REX \u00e9 sens\u00edvel ao toque e se fecha assim que o roedor tenta pegar a isca.<\/p>\n<p>O\u00a0T-REX\u00a0\u00e9 ideal para locais onde n\u00e3o se quer usar iscas qu\u00edmicas, que podem causar intoxica\u00e7\u00e3o ou contamina\u00e7\u00e3o.\u00a0Ele tamb\u00e9m \u00e9 indicado para lugares onde a captura de roedores tem que ser feita de forma r\u00e1pida ou instant\u00e2nea, como granjas, fazendas, abatedouros, ind\u00fastrias, restaurantes, hot\u00e9is, lix\u00f5es, entre outros.<\/p>\n<p>Experimente o T-REX e livre-se dos ratos de uma vez por todas. O T-REX \u00e9 a solu\u00e7\u00e3o definitiva para o controle de roedores.<\/p>\n<p><strong>Caracter\u00edsticas:<\/strong><\/p>\n<ul>\n<li>Corpo: feito de polipropileno e nylon de alta resist\u00eancia, que serve para colocar a isca e acionar o mecanismo da armadilha.<\/li>\n<li>Mola: feita de a\u00e7o inoxid\u00e1vel, que serve para fechar a armadilha sobre o roedor, causando sua morte r\u00e1pida e sem sofrimento<\/li>\n<li>Alavanca: feita de pl\u00e1stico, que serve para abrir e fechar a armadilha, facilitando a limpeza e o descarte do animal capturado.<\/li>\n<\/ul>\n<p><strong>Modo de usar:<\/strong><\/p>\n<ul>\n<li>Escolher um local adequado para instalar a armadilha, preferencialmente em uma \u00e1rea interna, pr\u00f3xima ao local onde os roedores s\u00e3o avistados. Evitar locais com umidade excessiva ou poeira.<\/li>\n<li>Colocar a isca no porta-isca, usando um produto de sua prefer\u00eancia, como placa de cola, T-REX, bloco parafinado, p\u00f3 de contato ou semente de girassol. A isca \u00e9 a respons\u00e1vel por atrair o roedor para a armadilha.<\/li>\n<li>Encaixar a T-REX no porta-isca papa ratos, que \u00e9 um dispositivo que protege a isca de ser danificada ou acessada por animais e crian\u00e7as.<\/li>\n<li>Armar a armadilha, pressionando a alavanca at\u00e9 travar. A armadilha est\u00e1 pronta para capturar o roedor.<\/li>\n<li>Pronto, a sua armadilha est\u00e1 instalada e funcionando. A T-REX \u00e9 sens\u00edvel ao toque e se fecha assim que o roedor tenta pegar a isca.<\/li>\n<li>Verificar a armadilha periodicamente, de prefer\u00eancia a cada dia. Quando a armadilha estiver com um roedor capturado, retirar a alavanca e descartar o animal de forma adequada. Use luva.<\/li>\n<\/ul>\n<p>&nbsp;<\/p>\n","protected":false},"excerpt":{"rendered":"<p>Armadilha de impacto instant\u00e2neo para roedores, que funciona em conjunto com o porta-isca papa ratos, um dispositivo de seguran\u00e7a que protege as iscas de serem danificadas ou acessadas por animais e crian\u00e7as.<\/p>\n","protected":false},"featured_media":545,"template":"","meta":[],"product_brand":[],"product_cat":[19],"product_tag":[],"class_list":{"0":"post-548","1":"product","2":"type-product","3":"status-publish","4":"has-post-thumbnail","6":"product_cat-papa-rato","8":"first","9":"instock","10":"shipping-taxable","11":"product-type-simple"},"yoast_head":"<!-- This site is optimized with the Yoast SEO plugin v27.4 - https:\/\/yoast.com\/product\/yoast-seo-wordpress\/ -->\n<title>T-REX - J.A Ambiental<\/title>\n<meta name=\"robots\" content=\"index, follow, max-snippet:-1, max-image-preview:large, max-video-preview:-1\" \/>\n<link rel=\"canonical\" href=\"https:\/\/papamosca.com.br\/site\/produto\/t-rex\/\" \/>\n<meta property=\"og:locale\" content=\"pt_BR\" \/>\n<meta property=\"og:type\" content=\"article\" \/>\n<meta property=\"og:title\" content=\"T-REX - J.A Ambiental\" \/>\n<meta property=\"og:description\" content=\"Armadilha de impacto instant\u00e2neo para roedores, que funciona em conjunto com o porta-isca papa ratos, um dispositivo de seguran\u00e7a que protege as iscas de serem danificadas ou acessadas por animais e crian\u00e7as.\" \/>\n<meta property=\"og:url\" content=\"https:\/\/papamosca.com.br\/site\/produto\/t-rex\/\" \/>\n<meta property=\"og:site_name\" content=\"J.A Ambiental\" \/>\n<meta property=\"article:publisher\" content=\"https:\/\/www.facebook.com\/jaambiental\" \/>\n<meta property=\"article:modified_time\" content=\"2025-01-30T15:57:23+00:00\" \/>\n<meta property=\"og:image\" content=\"https:\/\/papamosca.com.br\/site\/wp-content\/uploads\/2023\/01\/JA-Ambiental-Protudos-1000x1000px-06.jpg\" \/>\n\t<meta property=\"og:image:width\" content=\"1000\" \/>\n\t<meta property=\"og:image:height\" content=\"1000\" \/>\n\t<meta property=\"og:image:type\" content=\"image\/jpeg\" \/>\n<meta name=\"twitter:card\" content=\"summary_large_image\" \/>\n<meta name=\"twitter:label1\" content=\"Est. tempo de leitura\" \/>\n\t<meta name=\"twitter:data1\" content=\"3 minutos\" \/>\n<script type=\"application\/ld+json\" class=\"yoast-schema-graph\">{\"@context\":\"https:\\\/\\\/schema.org\",\"@graph\":[{\"@type\":\"WebPage\",\"@id\":\"https:\\\/\\\/papamosca.com.br\\\/site\\\/produto\\\/t-rex\\\/\",\"url\":\"https:\\\/\\\/papamosca.com.br\\\/site\\\/produto\\\/t-rex\\\/\",\"name\":\"T-REX - J.A Ambiental\",\"isPartOf\":{\"@id\":\"https:\\\/\\\/papamosca.com.br\\\/site\\\/#website\"},\"primaryImageOfPage\":{\"@id\":\"https:\\\/\\\/papamosca.com.br\\\/site\\\/produto\\\/t-rex\\\/#primaryimage\"},\"image\":{\"@id\":\"https:\\\/\\\/papamosca.com.br\\\/site\\\/produto\\\/t-rex\\\/#primaryimage\"},\"thumbnailUrl\":\"https:\\\/\\\/papamosca.com.br\\\/site\\\/wp-content\\\/uploads\\\/2023\\\/01\\\/JA-Ambiental-Protudos-1000x1000px-06.jpg\",\"datePublished\":\"2023-12-14T14:43:54+00:00\",\"dateModified\":\"2025-01-30T15:57:23+00:00\",\"breadcrumb\":{\"@id\":\"https:\\\/\\\/papamosca.com.br\\\/site\\\/produto\\\/t-rex\\\/#breadcrumb\"},\"inLanguage\":\"pt-BR\",\"potentialAction\":[{\"@type\":\"ReadAction\",\"target\":[\"https:\\\/\\\/papamosca.com.br\\\/site\\\/produto\\\/t-rex\\\/\"]}]},{\"@type\":\"ImageObject\",\"inLanguage\":\"pt-BR\",\"@id\":\"https:\\\/\\\/papamosca.com.br\\\/site\\\/produto\\\/t-rex\\\/#primaryimage\",\"url\":\"https:\\\/\\\/papamosca.com.br\\\/site\\\/wp-content\\\/uploads\\\/2023\\\/01\\\/JA-Ambiental-Protudos-1000x1000px-06.jpg\",\"contentUrl\":\"https:\\\/\\\/papamosca.com.br\\\/site\\\/wp-content\\\/uploads\\\/2023\\\/01\\\/JA-Ambiental-Protudos-1000x1000px-06.jpg\",\"width\":1000,\"height\":1000},{\"@type\":\"BreadcrumbList\",\"@id\":\"https:\\\/\\\/papamosca.com.br\\\/site\\\/produto\\\/t-rex\\\/#breadcrumb\",\"itemListElement\":[{\"@type\":\"ListItem\",\"position\":1,\"name\":\"In\u00edcio\",\"item\":\"https:\\\/\\\/papamosca.com.br\\\/site\\\/\"},{\"@type\":\"ListItem\",\"position\":2,\"name\":\"Produtos\",\"item\":\"https:\\\/\\\/papamosca.com.br\\\/site\\\/produtos\\\/\"},{\"@type\":\"ListItem\",\"position\":3,\"name\":\"T-REX\"}]},{\"@type\":\"WebSite\",\"@id\":\"https:\\\/\\\/papamosca.com.br\\\/site\\\/#website\",\"url\":\"https:\\\/\\\/papamosca.com.br\\\/site\\\/\",\"name\":\"J.A Ambiental\",\"description\":\"Empresa especializada em produtos para controle de moscas, insetos e roedores.\",\"publisher\":{\"@id\":\"https:\\\/\\\/papamosca.com.br\\\/site\\\/#organization\"},\"potentialAction\":[{\"@type\":\"SearchAction\",\"target\":{\"@type\":\"EntryPoint\",\"urlTemplate\":\"https:\\\/\\\/papamosca.com.br\\\/site\\\/?s={search_term_string}\"},\"query-input\":{\"@type\":\"PropertyValueSpecification\",\"valueRequired\":true,\"valueName\":\"search_term_string\"}}],\"inLanguage\":\"pt-BR\"},{\"@type\":\"Organization\",\"@id\":\"https:\\\/\\\/papamosca.com.br\\\/site\\\/#organization\",\"name\":\"J.A Ambiental\",\"url\":\"https:\\\/\\\/papamosca.com.br\\\/site\\\/\",\"logo\":{\"@type\":\"ImageObject\",\"inLanguage\":\"pt-BR\",\"@id\":\"https:\\\/\\\/papamosca.com.br\\\/site\\\/#\\\/schema\\\/logo\\\/image\\\/\",\"url\":\"https:\\\/\\\/papamosca.com.br\\\/site\\\/wp-content\\\/uploads\\\/2023\\\/01\\\/logo-e1674739313371.png\",\"contentUrl\":\"https:\\\/\\\/papamosca.com.br\\\/site\\\/wp-content\\\/uploads\\\/2023\\\/01\\\/logo-e1674739313371.png\",\"width\":199,\"height\":100,\"caption\":\"J.A Ambiental\"},\"image\":{\"@id\":\"https:\\\/\\\/papamosca.com.br\\\/site\\\/#\\\/schema\\\/logo\\\/image\\\/\"},\"sameAs\":[\"https:\\\/\\\/www.facebook.com\\\/jaambiental\",\"https:\\\/\\\/www.instagram.com\\\/jaambiental\\\/\"]}]}<\/script>\n<!-- \/ Yoast SEO plugin. -->","yoast_head_json":{"title":"T-REX - J.A Ambiental","robots":{"index":"index","follow":"follow","max-snippet":"max-snippet:-1","max-image-preview":"max-image-preview:large","max-video-preview":"max-video-preview:-1"},"canonical":"https:\/\/papamosca.com.br\/site\/produto\/t-rex\/","og_locale":"pt_BR","og_type":"article","og_title":"T-REX - J.A Ambiental","og_description":"Armadilha de impacto instant\u00e2neo para roedores, que funciona em conjunto com o porta-isca papa ratos, um dispositivo de seguran\u00e7a que protege as iscas de serem danificadas ou acessadas por animais e crian\u00e7as.","og_url":"https:\/\/papamosca.com.br\/site\/produto\/t-rex\/","og_site_name":"J.A Ambiental","article_publisher":"https:\/\/www.facebook.com\/jaambiental","article_modified_time":"2025-01-30T15:57:23+00:00","og_image":[{"width":1000,"height":1000,"url":"https:\/\/papamosca.com.br\/site\/wp-content\/uploads\/2023\/01\/JA-Ambiental-Protudos-1000x1000px-06.jpg","type":"image\/jpeg"}],"twitter_card":"summary_large_image","twitter_misc":{"Est. tempo de leitura":"3 minutos"},"schema":{"@context":"https:\/\/schema.org","@graph":[{"@type":"WebPage","@id":"https:\/\/papamosca.com.br\/site\/produto\/t-rex\/","url":"https:\/\/papamosca.com.br\/site\/produto\/t-rex\/","name":"T-REX - J.A Ambiental","isPartOf":{"@id":"https:\/\/papamosca.com.br\/site\/#website"},"primaryImageOfPage":{"@id":"https:\/\/papamosca.com.br\/site\/produto\/t-rex\/#primaryimage"},"image":{"@id":"https:\/\/papamosca.com.br\/site\/produto\/t-rex\/#primaryimage"},"thumbnailUrl":"https:\/\/papamosca.com.br\/site\/wp-content\/uploads\/2023\/01\/JA-Ambiental-Protudos-1000x1000px-06.jpg","datePublished":"2023-12-14T14:43:54+00:00","dateModified":"2025-01-30T15:57:23+00:00","breadcrumb":{"@id":"https:\/\/papamosca.com.br\/site\/produto\/t-rex\/#breadcrumb"},"inLanguage":"pt-BR","potentialAction":[{"@type":"ReadAction","target":["https:\/\/papamosca.com.br\/site\/produto\/t-rex\/"]}]},{"@type":"ImageObject","inLanguage":"pt-BR","@id":"https:\/\/papamosca.com.br\/site\/produto\/t-rex\/#primaryimage","url":"https:\/\/papamosca.com.br\/site\/wp-content\/uploads\/2023\/01\/JA-Ambiental-Protudos-1000x1000px-06.jpg","contentUrl":"https:\/\/papamosca.com.br\/site\/wp-content\/uploads\/2023\/01\/JA-Ambiental-Protudos-1000x1000px-06.jpg","width":1000,"height":1000},{"@type":"BreadcrumbList","@id":"https:\/\/papamosca.com.br\/site\/produto\/t-rex\/#breadcrumb","itemListElement":[{"@type":"ListItem","position":1,"name":"In\u00edcio","item":"https:\/\/papamosca.com.br\/site\/"},{"@type":"ListItem","position":2,"name":"Produtos","item":"https:\/\/papamosca.com.br\/site\/produtos\/"},{"@type":"ListItem","position":3,"name":"T-REX"}]},{"@type":"WebSite","@id":"https:\/\/papamosca.com.br\/site\/#website","url":"https:\/\/papamosca.com.br\/site\/","name":"J.A Ambiental","description":"Empresa especializada em produtos para controle de moscas, insetos e roedores.","publisher":{"@id":"https:\/\/papamosca.com.br\/site\/#organization"},"potentialAction":[{"@type":"SearchAction","target":{"@type":"EntryPoint","urlTemplate":"https:\/\/papamosca.com.br\/site\/?s={search_term_string}"},"query-input":{"@type":"PropertyValueSpecification","valueRequired":true,"valueName":"search_term_string"}}],"inLanguage":"pt-BR"},{"@type":"Organization","@id":"https:\/\/papamosca.com.br\/site\/#organization","name":"J.A Ambiental","url":"https:\/\/papamosca.com.br\/site\/","logo":{"@type":"ImageObject","inLanguage":"pt-BR","@id":"https:\/\/papamosca.com.br\/site\/#\/schema\/logo\/image\/","url":"https:\/\/papamosca.com.br\/site\/wp-content\/uploads\/2023\/01\/logo-e1674739313371.png","contentUrl":"https:\/\/papamosca.com.br\/site\/wp-content\/uploads\/2023\/01\/logo-e1674739313371.png","width":199,"height":100,"caption":"J.A Ambiental"},"image":{"@id":"https:\/\/papamosca.com.br\/site\/#\/schema\/logo\/image\/"},"sameAs":["https:\/\/www.facebook.com\/jaambiental","https:\/\/www.instagram.com\/jaambiental\/"]}]}},"_links":{"self":[{"href":"https:\/\/papamosca.com.br\/site\/wp-json\/wp\/v2\/product\/548","targetHints":{"allow":["GET"]}}],"collection":[{"href":"https:\/\/papamosca.com.br\/site\/wp-json\/wp\/v2\/product"}],"about":[{"href":"https:\/\/papamosca.com.br\/site\/wp-json\/wp\/v2\/types\/product"}],"wp:featuredmedia":[{"embeddable":true,"href":"https:\/\/papamosca.com.br\/site\/wp-json\/wp\/v2\/media\/545"}],"wp:attachment":[{"href":"https:\/\/papamosca.com.br\/site\/wp-json\/wp\/v2\/media?parent=548"}],"wp:term":[{"taxonomy":"product_brand","embeddable":true,"href":"https:\/\/papamosca.com.br\/site\/wp-json\/wp\/v2\/product_brand?post=548"},{"taxonomy":"product_cat","embeddable":true,"href":"https:\/\/papamosca.com.br\/site\/wp-json\/wp\/v2\/product_cat?post=548"},{"taxonomy":"product_tag","embeddable":true,"href":"https:\/\/papamosca.com.br\/site\/wp-json\/wp\/v2\/product_tag?post=548"}],"curies":[{"name":"wp","href":"https:\/\/api.w.org\/{rel}","templated":true}]}}