{"id":437,"date":"2023-12-05T11:57:26","date_gmt":"2023-12-05T14:57:26","guid":{"rendered":"https:\/\/papamosca.com.br\/site\/?post_type=product&#038;p=437"},"modified":"2025-01-30T12:56:05","modified_gmt":"2025-01-30T15:56:05","slug":"planthor-orange","status":"publish","type":"product","link":"https:\/\/papamosca.com.br\/site\/produto\/planthor-orange\/","title":{"rendered":"Planthor Orange"},"content":{"rendered":"<p>O Planthor Orange combina quatro fun\u00e7\u00f5es em um s\u00f3 produto: espalhante, aderente, penetrante e ativador.<\/p>\n<p>Ele \u00e9 feito de \u00f3leo de laranja, nitrog\u00eanio, boro e molibd\u00eanio. Pode ser usado em diversas culturas, como soja, milho, algod\u00e3o, caf\u00e9, entre outras.<\/p>\n<p>Diferencia-se da concorr\u00eancia por oferecer um produto completo e vers\u00e1til, que atende \u00e0s necessidades das plantas e dos produtores, com um custo-benef\u00edcio vantajoso. Ele \u00e9 f\u00e1cil de usar, podendo ser misturado com diversos insumos, como fertilizantes, defensivos, inoculantes, entre outros. Ele \u00e9 compat\u00edvel com qualquer tipo de equipamento de pulveriza\u00e7\u00e3o, sem causar entupimento ou corros\u00e3o.<\/p>\n<p><strong>Diferenciais:<\/strong><\/p>\n<ul>\n<li>Produto seguro, que n\u00e3o causa danos \u00e0s plantas.<\/li>\n<li>Eficaz na dispers\u00e3o e na ader\u00eancia dos insumos sobre as folhas, aumentando a \u00e1rea de contato e a absor\u00e7\u00e3o dos nutrientes.<\/li>\n<li>Eficaz na penetra\u00e7\u00e3o dos insumos nas superf\u00edcies pilosas e cerosas, melhorando a transloca\u00e7\u00e3o e a assimila\u00e7\u00e3o dos produtos.<\/li>\n<li>Eficaz na ativa\u00e7\u00e3o dos micro-organismos do solo, estimulando a fixa\u00e7\u00e3o biol\u00f3gica de nitrog\u00eanio e a disponibilidade de f\u00f3sforo.<\/li>\n<\/ul>\n<p>O produto \u00e9 totalmente sol\u00favel em \u00e1gua e prontamente assimilado pelas plantas, corrigindo as defici\u00eancias dos elementos N e B. O boro (B) \u00e9 importante na reprodu\u00e7\u00e3o das plantas, pois participa da germina\u00e7\u00e3o do gr\u00e3o de p\u00f3len e do desenvolvimento do tubo pol\u00ednico. Ele tamb\u00e9m tem papel importante no metabolismo das plantas, pois influencia na s\u00edntese e na a\u00e7\u00e3o de horm\u00f4nios, no transporte de a\u00e7\u00facares, na forma\u00e7\u00e3o de membranas e na assimila\u00e7\u00e3o e ativa\u00e7\u00e3o de outros nutrientes.<\/p>\n<p>O nitrog\u00eanio (N) \u00e9 essencial para a estrutura das plantas, pois \u00e9 o principal componente dos amino\u00e1cidos, das prote\u00ednas e das enzimas. A defici\u00eancia deste elemento provoca amarelecimento das folhas e redu\u00e7\u00e3o da fotoss\u00edntese, afetando o rendimento e a qualidade das plantas.<\/p>\n<p>Al\u00e9m disso, o Planthor Orange tem uma a\u00e7\u00e3o dupla sobre os insetos que atacam as plantas. Ele age tanto por contato como por ingest\u00e3o, interferindo no sistema nervoso e no exoesqueleto dos insetos.<br \/>\nPor contato, o Planthor Orange penetra na cut\u00edcula dos insetos, que \u00e9 formada por quitina, um polissacar\u00eddeo que confere rigidez e prote\u00e7\u00e3o. O Planthor Orange dissolve a quitina, causando a desidrata\u00e7\u00e3o e a morte dos insetos. Ele tamb\u00e9m dissolve as asas dos insetos, impedindo a sua dispers\u00e3o e reprodu\u00e7\u00e3o.<br \/>\nPor ingest\u00e3o, o Planthor Orange \u00e9 absorvido pelo intestino m\u00e9dio dos insetos, que \u00e9 o local onde ocorre a digest\u00e3o e a absor\u00e7\u00e3o dos nutrientes. O Planthor Orange circula pela hemolinfa, que \u00e9 o fluido que transporta os nutrientes e os horm\u00f4nios pelo corpo dos insetos. O Planthor Orange atinge o sistema nervoso dos insetos, que \u00e9 formado por neur\u00f4nios, que s\u00e3o as c\u00e9lulas respons\u00e1veis pela transmiss\u00e3o dos impulsos nervosos. O Planthor Orange interrompe a comunica\u00e7\u00e3o entre os neur\u00f4nios, causando a paralisia e a morte dos insetos.<br \/>\nO Planthor Orange tem um efeito de choque sobre os ovos, os \u00e1caros e os insetos, eliminando-os rapidamente e evitando a sua prolifera\u00e7\u00e3o. Ele \u00e9 eficaz contra diversas pragas, como pulg\u00f5es, cochonilhas, lagartas, percevejos, moscas, mosquitos, entre outras.<\/p>\n<p><iframe title=\"Planthor Orange da J.A. Ambiental\" width=\"800\" height=\"450\" src=\"https:\/\/www.youtube.com\/embed\/xE2ZzS3BIcc?feature=oembed\" frameborder=\"0\" allow=\"accelerometer; autoplay; clipboard-write; encrypted-media; gyroscope; picture-in-picture; web-share\" allowfullscreen><\/iframe><\/p>\n","protected":false},"excerpt":{"rendered":"<p>O\u00a0Planthor Orange\u00a0\u00e9 um fertilizante foliar misto que cont\u00e9m\u00a0nitrog\u00eanio\u00a0e\u00a0boro, dois elementos essenciais para o crescimento e a sa\u00fade das plantas. Ele \u00e9 formulado para fornecer aos vegetais os nutrientes necess\u00e1rios para o seu desenvolvimento.<\/p>\n","protected":false},"featured_media":546,"template":"","meta":[],"product_brand":[],"product_cat":[20],"product_tag":[],"class_list":{"0":"post-437","1":"product","2":"type-product","3":"status-publish","4":"has-post-thumbnail","6":"product_cat-linha-agricola","8":"first","9":"instock","10":"shipping-taxable","11":"product-type-simple"},"yoast_head":"<!-- This site is optimized with the Yoast SEO plugin v27.4 - https:\/\/yoast.com\/product\/yoast-seo-wordpress\/ -->\n<title>Planthor Orange - J.A Ambiental<\/title>\n<meta name=\"robots\" content=\"index, follow, max-snippet:-1, max-image-preview:large, max-video-preview:-1\" \/>\n<link rel=\"canonical\" href=\"https:\/\/papamosca.com.br\/site\/produto\/planthor-orange\/\" \/>\n<meta property=\"og:locale\" content=\"pt_BR\" \/>\n<meta property=\"og:type\" content=\"article\" \/>\n<meta property=\"og:title\" content=\"Planthor Orange - J.A Ambiental\" \/>\n<meta property=\"og:description\" content=\"O\u00a0Planthor Orange\u00a0\u00e9 um fertilizante foliar misto que cont\u00e9m\u00a0nitrog\u00eanio\u00a0e\u00a0boro, dois elementos essenciais para o crescimento e a sa\u00fade das plantas. Ele \u00e9 formulado para fornecer aos vegetais os nutrientes necess\u00e1rios para o seu desenvolvimento.\" \/>\n<meta property=\"og:url\" content=\"https:\/\/papamosca.com.br\/site\/produto\/planthor-orange\/\" \/>\n<meta property=\"og:site_name\" content=\"J.A Ambiental\" \/>\n<meta property=\"article:publisher\" content=\"https:\/\/www.facebook.com\/jaambiental\" \/>\n<meta property=\"article:modified_time\" content=\"2025-01-30T15:56:05+00:00\" \/>\n<meta property=\"og:image\" content=\"https:\/\/papamosca.com.br\/site\/wp-content\/uploads\/2023\/01\/JA-Ambiental-Protudos-1000x1000px-07.jpg\" \/>\n\t<meta property=\"og:image:width\" content=\"1000\" \/>\n\t<meta property=\"og:image:height\" content=\"1000\" \/>\n\t<meta property=\"og:image:type\" content=\"image\/jpeg\" \/>\n<meta name=\"twitter:card\" content=\"summary_large_image\" \/>\n<meta name=\"twitter:label1\" content=\"Est. tempo de leitura\" \/>\n\t<meta name=\"twitter:data1\" content=\"3 minutos\" \/>\n<script type=\"application\/ld+json\" class=\"yoast-schema-graph\">{\"@context\":\"https:\\\/\\\/schema.org\",\"@graph\":[{\"@type\":\"WebPage\",\"@id\":\"https:\\\/\\\/papamosca.com.br\\\/site\\\/produto\\\/planthor-orange\\\/\",\"url\":\"https:\\\/\\\/papamosca.com.br\\\/site\\\/produto\\\/planthor-orange\\\/\",\"name\":\"Planthor Orange - J.A Ambiental\",\"isPartOf\":{\"@id\":\"https:\\\/\\\/papamosca.com.br\\\/site\\\/#website\"},\"primaryImageOfPage\":{\"@id\":\"https:\\\/\\\/papamosca.com.br\\\/site\\\/produto\\\/planthor-orange\\\/#primaryimage\"},\"image\":{\"@id\":\"https:\\\/\\\/papamosca.com.br\\\/site\\\/produto\\\/planthor-orange\\\/#primaryimage\"},\"thumbnailUrl\":\"https:\\\/\\\/papamosca.com.br\\\/site\\\/wp-content\\\/uploads\\\/2023\\\/01\\\/JA-Ambiental-Protudos-1000x1000px-07.jpg\",\"datePublished\":\"2023-12-05T14:57:26+00:00\",\"dateModified\":\"2025-01-30T15:56:05+00:00\",\"breadcrumb\":{\"@id\":\"https:\\\/\\\/papamosca.com.br\\\/site\\\/produto\\\/planthor-orange\\\/#breadcrumb\"},\"inLanguage\":\"pt-BR\",\"potentialAction\":[{\"@type\":\"ReadAction\",\"target\":[\"https:\\\/\\\/papamosca.com.br\\\/site\\\/produto\\\/planthor-orange\\\/\"]}]},{\"@type\":\"ImageObject\",\"inLanguage\":\"pt-BR\",\"@id\":\"https:\\\/\\\/papamosca.com.br\\\/site\\\/produto\\\/planthor-orange\\\/#primaryimage\",\"url\":\"https:\\\/\\\/papamosca.com.br\\\/site\\\/wp-content\\\/uploads\\\/2023\\\/01\\\/JA-Ambiental-Protudos-1000x1000px-07.jpg\",\"contentUrl\":\"https:\\\/\\\/papamosca.com.br\\\/site\\\/wp-content\\\/uploads\\\/2023\\\/01\\\/JA-Ambiental-Protudos-1000x1000px-07.jpg\",\"width\":1000,\"height\":1000},{\"@type\":\"BreadcrumbList\",\"@id\":\"https:\\\/\\\/papamosca.com.br\\\/site\\\/produto\\\/planthor-orange\\\/#breadcrumb\",\"itemListElement\":[{\"@type\":\"ListItem\",\"position\":1,\"name\":\"In\u00edcio\",\"item\":\"https:\\\/\\\/papamosca.com.br\\\/site\\\/\"},{\"@type\":\"ListItem\",\"position\":2,\"name\":\"Produtos\",\"item\":\"https:\\\/\\\/papamosca.com.br\\\/site\\\/produtos\\\/\"},{\"@type\":\"ListItem\",\"position\":3,\"name\":\"Planthor Orange\"}]},{\"@type\":\"WebSite\",\"@id\":\"https:\\\/\\\/papamosca.com.br\\\/site\\\/#website\",\"url\":\"https:\\\/\\\/papamosca.com.br\\\/site\\\/\",\"name\":\"J.A Ambiental\",\"description\":\"Empresa especializada em produtos para controle de moscas, insetos e roedores.\",\"publisher\":{\"@id\":\"https:\\\/\\\/papamosca.com.br\\\/site\\\/#organization\"},\"potentialAction\":[{\"@type\":\"SearchAction\",\"target\":{\"@type\":\"EntryPoint\",\"urlTemplate\":\"https:\\\/\\\/papamosca.com.br\\\/site\\\/?s={search_term_string}\"},\"query-input\":{\"@type\":\"PropertyValueSpecification\",\"valueRequired\":true,\"valueName\":\"search_term_string\"}}],\"inLanguage\":\"pt-BR\"},{\"@type\":\"Organization\",\"@id\":\"https:\\\/\\\/papamosca.com.br\\\/site\\\/#organization\",\"name\":\"J.A Ambiental\",\"url\":\"https:\\\/\\\/papamosca.com.br\\\/site\\\/\",\"logo\":{\"@type\":\"ImageObject\",\"inLanguage\":\"pt-BR\",\"@id\":\"https:\\\/\\\/papamosca.com.br\\\/site\\\/#\\\/schema\\\/logo\\\/image\\\/\",\"url\":\"https:\\\/\\\/papamosca.com.br\\\/site\\\/wp-content\\\/uploads\\\/2023\\\/01\\\/logo-e1674739313371.png\",\"contentUrl\":\"https:\\\/\\\/papamosca.com.br\\\/site\\\/wp-content\\\/uploads\\\/2023\\\/01\\\/logo-e1674739313371.png\",\"width\":199,\"height\":100,\"caption\":\"J.A Ambiental\"},\"image\":{\"@id\":\"https:\\\/\\\/papamosca.com.br\\\/site\\\/#\\\/schema\\\/logo\\\/image\\\/\"},\"sameAs\":[\"https:\\\/\\\/www.facebook.com\\\/jaambiental\",\"https:\\\/\\\/www.instagram.com\\\/jaambiental\\\/\"]}]}<\/script>\n<!-- \/ Yoast SEO plugin. -->","yoast_head_json":{"title":"Planthor Orange - J.A Ambiental","robots":{"index":"index","follow":"follow","max-snippet":"max-snippet:-1","max-image-preview":"max-image-preview:large","max-video-preview":"max-video-preview:-1"},"canonical":"https:\/\/papamosca.com.br\/site\/produto\/planthor-orange\/","og_locale":"pt_BR","og_type":"article","og_title":"Planthor Orange - J.A Ambiental","og_description":"O\u00a0Planthor Orange\u00a0\u00e9 um fertilizante foliar misto que cont\u00e9m\u00a0nitrog\u00eanio\u00a0e\u00a0boro, dois elementos essenciais para o crescimento e a sa\u00fade das plantas. Ele \u00e9 formulado para fornecer aos vegetais os nutrientes necess\u00e1rios para o seu desenvolvimento.","og_url":"https:\/\/papamosca.com.br\/site\/produto\/planthor-orange\/","og_site_name":"J.A Ambiental","article_publisher":"https:\/\/www.facebook.com\/jaambiental","article_modified_time":"2025-01-30T15:56:05+00:00","og_image":[{"width":1000,"height":1000,"url":"https:\/\/papamosca.com.br\/site\/wp-content\/uploads\/2023\/01\/JA-Ambiental-Protudos-1000x1000px-07.jpg","type":"image\/jpeg"}],"twitter_card":"summary_large_image","twitter_misc":{"Est. tempo de leitura":"3 minutos"},"schema":{"@context":"https:\/\/schema.org","@graph":[{"@type":"WebPage","@id":"https:\/\/papamosca.com.br\/site\/produto\/planthor-orange\/","url":"https:\/\/papamosca.com.br\/site\/produto\/planthor-orange\/","name":"Planthor Orange - J.A Ambiental","isPartOf":{"@id":"https:\/\/papamosca.com.br\/site\/#website"},"primaryImageOfPage":{"@id":"https:\/\/papamosca.com.br\/site\/produto\/planthor-orange\/#primaryimage"},"image":{"@id":"https:\/\/papamosca.com.br\/site\/produto\/planthor-orange\/#primaryimage"},"thumbnailUrl":"https:\/\/papamosca.com.br\/site\/wp-content\/uploads\/2023\/01\/JA-Ambiental-Protudos-1000x1000px-07.jpg","datePublished":"2023-12-05T14:57:26+00:00","dateModified":"2025-01-30T15:56:05+00:00","breadcrumb":{"@id":"https:\/\/papamosca.com.br\/site\/produto\/planthor-orange\/#breadcrumb"},"inLanguage":"pt-BR","potentialAction":[{"@type":"ReadAction","target":["https:\/\/papamosca.com.br\/site\/produto\/planthor-orange\/"]}]},{"@type":"ImageObject","inLanguage":"pt-BR","@id":"https:\/\/papamosca.com.br\/site\/produto\/planthor-orange\/#primaryimage","url":"https:\/\/papamosca.com.br\/site\/wp-content\/uploads\/2023\/01\/JA-Ambiental-Protudos-1000x1000px-07.jpg","contentUrl":"https:\/\/papamosca.com.br\/site\/wp-content\/uploads\/2023\/01\/JA-Ambiental-Protudos-1000x1000px-07.jpg","width":1000,"height":1000},{"@type":"BreadcrumbList","@id":"https:\/\/papamosca.com.br\/site\/produto\/planthor-orange\/#breadcrumb","itemListElement":[{"@type":"ListItem","position":1,"name":"In\u00edcio","item":"https:\/\/papamosca.com.br\/site\/"},{"@type":"ListItem","position":2,"name":"Produtos","item":"https:\/\/papamosca.com.br\/site\/produtos\/"},{"@type":"ListItem","position":3,"name":"Planthor Orange"}]},{"@type":"WebSite","@id":"https:\/\/papamosca.com.br\/site\/#website","url":"https:\/\/papamosca.com.br\/site\/","name":"J.A Ambiental","description":"Empresa especializada em produtos para controle de moscas, insetos e roedores.","publisher":{"@id":"https:\/\/papamosca.com.br\/site\/#organization"},"potentialAction":[{"@type":"SearchAction","target":{"@type":"EntryPoint","urlTemplate":"https:\/\/papamosca.com.br\/site\/?s={search_term_string}"},"query-input":{"@type":"PropertyValueSpecification","valueRequired":true,"valueName":"search_term_string"}}],"inLanguage":"pt-BR"},{"@type":"Organization","@id":"https:\/\/papamosca.com.br\/site\/#organization","name":"J.A Ambiental","url":"https:\/\/papamosca.com.br\/site\/","logo":{"@type":"ImageObject","inLanguage":"pt-BR","@id":"https:\/\/papamosca.com.br\/site\/#\/schema\/logo\/image\/","url":"https:\/\/papamosca.com.br\/site\/wp-content\/uploads\/2023\/01\/logo-e1674739313371.png","contentUrl":"https:\/\/papamosca.com.br\/site\/wp-content\/uploads\/2023\/01\/logo-e1674739313371.png","width":199,"height":100,"caption":"J.A Ambiental"},"image":{"@id":"https:\/\/papamosca.com.br\/site\/#\/schema\/logo\/image\/"},"sameAs":["https:\/\/www.facebook.com\/jaambiental","https:\/\/www.instagram.com\/jaambiental\/"]}]}},"_links":{"self":[{"href":"https:\/\/papamosca.com.br\/site\/wp-json\/wp\/v2\/product\/437","targetHints":{"allow":["GET"]}}],"collection":[{"href":"https:\/\/papamosca.com.br\/site\/wp-json\/wp\/v2\/product"}],"about":[{"href":"https:\/\/papamosca.com.br\/site\/wp-json\/wp\/v2\/types\/product"}],"wp:featuredmedia":[{"embeddable":true,"href":"https:\/\/papamosca.com.br\/site\/wp-json\/wp\/v2\/media\/546"}],"wp:attachment":[{"href":"https:\/\/papamosca.com.br\/site\/wp-json\/wp\/v2\/media?parent=437"}],"wp:term":[{"taxonomy":"product_brand","embeddable":true,"href":"https:\/\/papamosca.com.br\/site\/wp-json\/wp\/v2\/product_brand?post=437"},{"taxonomy":"product_cat","embeddable":true,"href":"https:\/\/papamosca.com.br\/site\/wp-json\/wp\/v2\/product_cat?post=437"},{"taxonomy":"product_tag","embeddable":true,"href":"https:\/\/papamosca.com.br\/site\/wp-json\/wp\/v2\/product_tag?post=437"}],"curies":[{"name":"wp","href":"https:\/\/api.w.org\/{rel}","templated":true}]}}