{"id":436,"date":"2023-12-05T11:51:28","date_gmt":"2023-12-05T14:51:28","guid":{"rendered":"https:\/\/papamosca.com.br\/site\/?post_type=product&#038;p=436"},"modified":"2025-01-30T12:54:45","modified_gmt":"2025-01-30T15:54:45","slug":"planthor-4em1","status":"publish","type":"product","link":"https:\/\/papamosca.com.br\/site\/produto\/planthor-4em1\/","title":{"rendered":"Planthor 4 em 1"},"content":{"rendered":"<p>O Planthor 4 em 1 combina quatro fun\u00e7\u00f5es em um s\u00f3 produto:<\/p>\n<ul>\n<li>Adequador de pH: ajusta o pH da calda para o n\u00edvel ideal, evitando a degrada\u00e7\u00e3o dos defensivos e aumentando a sua efic\u00e1cia;<\/li>\n<li>Antiespumante: reduz a forma\u00e7\u00e3o de espuma na calda, facilitando o preparo e a aplica\u00e7\u00e3o do produto;<\/li>\n<li>Espalhante adesivo: diminui a tens\u00e3o superficial das gotas, permitindo uma melhor cobertura e ader\u00eancia do produto nas folhas e caules das plantas;<\/li>\n<li>\u00a0Antideriva: aumenta o peso e o tamanho das gotas, diminuindo a perda por deriva e evitando o desperd\u00edcio do produto.<\/li>\n<\/ul>\n<p>O Planthor 4 em 1 \u00e9 um produto exclusivo e completo, que oferece mais qualidade e economia para o produtor rural. Ele \u00e9 compat\u00edvel com a maioria dos defensivos agr\u00edcolas e pode ser usado em qualquer tipo de equipamento de pulveriza\u00e7\u00e3o.<\/p>\n<p>Ele reduz a tens\u00e3o superficial da calda pulverizada, aumentando o espalhamento das got\u00edculas sobre a superf\u00edcie foliar e promovendo uma maior ader\u00eancia. O produto possui a\u00e7\u00e3o espec\u00edfica sobre part\u00edculas insol\u00faveis em \u00e1gua (suspens\u00f5es) que facilitam a remo\u00e7\u00e3o dos s\u00f3lidos decantados na calda de pulveriza\u00e7\u00e3o. O adjuvante tamb\u00e9m modula o pH para uma faixa de 4,0 a 6,5, \u00edndice adequado para receber o ativo a ser pulverizado.<\/p>\n<p>O Planthor 4 em 1 se diferencia da concorr\u00eancia por oferecer um produto completo e vers\u00e1til, que atende \u00e0s necessidades dos produtores, com um custo-benef\u00edcio vantajoso.<\/p>\n<p>O produto vem em embalagens de 1,5 e 20 litros.<\/p>\n<p>&nbsp;<\/p>\n<p>Conhe\u00e7a as fun\u00e7\u00f5es do Planthor, clique no link:<\/p>\n<p><iframe  id=\"_ytid_76368\"  width=\"800\" height=\"450\"  data-origwidth=\"800\" data-origheight=\"450\" src=\"https:\/\/www.youtube.com\/embed\/T4hlRDfpjCA?enablejsapi=1&#038;autoplay=0&#038;cc_load_policy=0&#038;cc_lang_pref=&#038;iv_load_policy=1&#038;loop=0&#038;rel=1&#038;fs=1&#038;playsinline=0&#038;autohide=2&#038;theme=dark&#038;color=red&#038;controls=1&#038;disablekb=0&#038;\" class=\"__youtube_prefs__  epyt-is-override  no-lazyload\" title=\"YouTube player\"  allow=\"fullscreen; accelerometer; autoplay; clipboard-write; encrypted-media; gyroscope; picture-in-picture; web-share\" referrerpolicy=\"strict-origin-when-cross-origin\" allowfullscreen data-no-lazy=\"1\" data-skipgform_ajax_framebjll=\"\"><\/iframe><\/p>\n<p><iframe title=\"Planthor 4 em 1 da J.A Ambiental\" width=\"800\" height=\"450\" src=\"https:\/\/www.youtube.com\/embed\/iAlHwRxIWdE?feature=oembed\" frameborder=\"0\" allow=\"accelerometer; autoplay; clipboard-write; encrypted-media; gyroscope; picture-in-picture; web-share\" allowfullscreen><\/iframe><\/p>\n<p>&nbsp;<\/p>\n<p>&nbsp;<\/p>\n","protected":false},"excerpt":{"rendered":"<p>O\u00a0Planthor 4 em 1\u00a0\u00e9 um adjuvante agr\u00edcola que melhora o desempenho dos defensivos nas pulveriza\u00e7\u00f5es. Ele \u00e9 usado em qualquer cultivo e tem a fun\u00e7\u00e3o de potencializar os defensivos agr\u00edcolas, direcionando-os ao alvo de forma precisa.<\/p>\n","protected":false},"featured_media":547,"template":"","meta":[],"product_brand":[],"product_cat":[20],"product_tag":[],"class_list":{"0":"post-436","1":"product","2":"type-product","3":"status-publish","4":"has-post-thumbnail","6":"product_cat-linha-agricola","8":"first","9":"instock","10":"shipping-taxable","11":"product-type-simple"},"yoast_head":"<!-- This site is optimized with the Yoast SEO plugin v27.4 - https:\/\/yoast.com\/product\/yoast-seo-wordpress\/ -->\n<title>Planthor 4 em 1 - J.A Ambiental<\/title>\n<meta name=\"robots\" content=\"index, follow, max-snippet:-1, max-image-preview:large, max-video-preview:-1\" \/>\n<link rel=\"canonical\" href=\"https:\/\/papamosca.com.br\/site\/produto\/planthor-4em1\/\" \/>\n<meta property=\"og:locale\" content=\"pt_BR\" \/>\n<meta property=\"og:type\" content=\"article\" \/>\n<meta property=\"og:title\" content=\"Planthor 4 em 1 - J.A Ambiental\" \/>\n<meta property=\"og:description\" content=\"O\u00a0Planthor 4 em 1\u00a0\u00e9 um adjuvante agr\u00edcola que melhora o desempenho dos defensivos nas pulveriza\u00e7\u00f5es. Ele \u00e9 usado em qualquer cultivo e tem a fun\u00e7\u00e3o de potencializar os defensivos agr\u00edcolas, direcionando-os ao alvo de forma precisa.\" \/>\n<meta property=\"og:url\" content=\"https:\/\/papamosca.com.br\/site\/produto\/planthor-4em1\/\" \/>\n<meta property=\"og:site_name\" content=\"J.A Ambiental\" \/>\n<meta property=\"article:publisher\" content=\"https:\/\/www.facebook.com\/jaambiental\" \/>\n<meta property=\"article:modified_time\" content=\"2025-01-30T15:54:45+00:00\" \/>\n<meta property=\"og:image\" content=\"https:\/\/papamosca.com.br\/site\/wp-content\/uploads\/2023\/01\/JA-Ambiental-Protudos-1000x1000px-08.jpg\" \/>\n\t<meta property=\"og:image:width\" content=\"1000\" \/>\n\t<meta property=\"og:image:height\" content=\"1000\" \/>\n\t<meta property=\"og:image:type\" content=\"image\/jpeg\" \/>\n<meta name=\"twitter:card\" content=\"summary_large_image\" \/>\n<meta name=\"twitter:label1\" content=\"Est. tempo de leitura\" \/>\n\t<meta name=\"twitter:data1\" content=\"2 minutos\" \/>\n<script type=\"application\/ld+json\" class=\"yoast-schema-graph\">{\"@context\":\"https:\\\/\\\/schema.org\",\"@graph\":[{\"@type\":\"WebPage\",\"@id\":\"https:\\\/\\\/papamosca.com.br\\\/site\\\/produto\\\/planthor-4em1\\\/\",\"url\":\"https:\\\/\\\/papamosca.com.br\\\/site\\\/produto\\\/planthor-4em1\\\/\",\"name\":\"Planthor 4 em 1 - J.A Ambiental\",\"isPartOf\":{\"@id\":\"https:\\\/\\\/papamosca.com.br\\\/site\\\/#website\"},\"primaryImageOfPage\":{\"@id\":\"https:\\\/\\\/papamosca.com.br\\\/site\\\/produto\\\/planthor-4em1\\\/#primaryimage\"},\"image\":{\"@id\":\"https:\\\/\\\/papamosca.com.br\\\/site\\\/produto\\\/planthor-4em1\\\/#primaryimage\"},\"thumbnailUrl\":\"https:\\\/\\\/papamosca.com.br\\\/site\\\/wp-content\\\/uploads\\\/2023\\\/01\\\/JA-Ambiental-Protudos-1000x1000px-08.jpg\",\"datePublished\":\"2023-12-05T14:51:28+00:00\",\"dateModified\":\"2025-01-30T15:54:45+00:00\",\"breadcrumb\":{\"@id\":\"https:\\\/\\\/papamosca.com.br\\\/site\\\/produto\\\/planthor-4em1\\\/#breadcrumb\"},\"inLanguage\":\"pt-BR\",\"potentialAction\":[{\"@type\":\"ReadAction\",\"target\":[\"https:\\\/\\\/papamosca.com.br\\\/site\\\/produto\\\/planthor-4em1\\\/\"]}]},{\"@type\":\"ImageObject\",\"inLanguage\":\"pt-BR\",\"@id\":\"https:\\\/\\\/papamosca.com.br\\\/site\\\/produto\\\/planthor-4em1\\\/#primaryimage\",\"url\":\"https:\\\/\\\/papamosca.com.br\\\/site\\\/wp-content\\\/uploads\\\/2023\\\/01\\\/JA-Ambiental-Protudos-1000x1000px-08.jpg\",\"contentUrl\":\"https:\\\/\\\/papamosca.com.br\\\/site\\\/wp-content\\\/uploads\\\/2023\\\/01\\\/JA-Ambiental-Protudos-1000x1000px-08.jpg\",\"width\":1000,\"height\":1000},{\"@type\":\"BreadcrumbList\",\"@id\":\"https:\\\/\\\/papamosca.com.br\\\/site\\\/produto\\\/planthor-4em1\\\/#breadcrumb\",\"itemListElement\":[{\"@type\":\"ListItem\",\"position\":1,\"name\":\"In\u00edcio\",\"item\":\"https:\\\/\\\/papamosca.com.br\\\/site\\\/\"},{\"@type\":\"ListItem\",\"position\":2,\"name\":\"Produtos\",\"item\":\"https:\\\/\\\/papamosca.com.br\\\/site\\\/produtos\\\/\"},{\"@type\":\"ListItem\",\"position\":3,\"name\":\"Planthor 4 em 1\"}]},{\"@type\":\"WebSite\",\"@id\":\"https:\\\/\\\/papamosca.com.br\\\/site\\\/#website\",\"url\":\"https:\\\/\\\/papamosca.com.br\\\/site\\\/\",\"name\":\"J.A Ambiental\",\"description\":\"Empresa especializada em produtos para controle de moscas, insetos e roedores.\",\"publisher\":{\"@id\":\"https:\\\/\\\/papamosca.com.br\\\/site\\\/#organization\"},\"potentialAction\":[{\"@type\":\"SearchAction\",\"target\":{\"@type\":\"EntryPoint\",\"urlTemplate\":\"https:\\\/\\\/papamosca.com.br\\\/site\\\/?s={search_term_string}\"},\"query-input\":{\"@type\":\"PropertyValueSpecification\",\"valueRequired\":true,\"valueName\":\"search_term_string\"}}],\"inLanguage\":\"pt-BR\"},{\"@type\":\"Organization\",\"@id\":\"https:\\\/\\\/papamosca.com.br\\\/site\\\/#organization\",\"name\":\"J.A Ambiental\",\"url\":\"https:\\\/\\\/papamosca.com.br\\\/site\\\/\",\"logo\":{\"@type\":\"ImageObject\",\"inLanguage\":\"pt-BR\",\"@id\":\"https:\\\/\\\/papamosca.com.br\\\/site\\\/#\\\/schema\\\/logo\\\/image\\\/\",\"url\":\"https:\\\/\\\/papamosca.com.br\\\/site\\\/wp-content\\\/uploads\\\/2023\\\/01\\\/logo-e1674739313371.png\",\"contentUrl\":\"https:\\\/\\\/papamosca.com.br\\\/site\\\/wp-content\\\/uploads\\\/2023\\\/01\\\/logo-e1674739313371.png\",\"width\":199,\"height\":100,\"caption\":\"J.A Ambiental\"},\"image\":{\"@id\":\"https:\\\/\\\/papamosca.com.br\\\/site\\\/#\\\/schema\\\/logo\\\/image\\\/\"},\"sameAs\":[\"https:\\\/\\\/www.facebook.com\\\/jaambiental\",\"https:\\\/\\\/www.instagram.com\\\/jaambiental\\\/\"]}]}<\/script>\n<!-- \/ Yoast SEO plugin. -->","yoast_head_json":{"title":"Planthor 4 em 1 - J.A Ambiental","robots":{"index":"index","follow":"follow","max-snippet":"max-snippet:-1","max-image-preview":"max-image-preview:large","max-video-preview":"max-video-preview:-1"},"canonical":"https:\/\/papamosca.com.br\/site\/produto\/planthor-4em1\/","og_locale":"pt_BR","og_type":"article","og_title":"Planthor 4 em 1 - J.A Ambiental","og_description":"O\u00a0Planthor 4 em 1\u00a0\u00e9 um adjuvante agr\u00edcola que melhora o desempenho dos defensivos nas pulveriza\u00e7\u00f5es. Ele \u00e9 usado em qualquer cultivo e tem a fun\u00e7\u00e3o de potencializar os defensivos agr\u00edcolas, direcionando-os ao alvo de forma precisa.","og_url":"https:\/\/papamosca.com.br\/site\/produto\/planthor-4em1\/","og_site_name":"J.A Ambiental","article_publisher":"https:\/\/www.facebook.com\/jaambiental","article_modified_time":"2025-01-30T15:54:45+00:00","og_image":[{"width":1000,"height":1000,"url":"https:\/\/papamosca.com.br\/site\/wp-content\/uploads\/2023\/01\/JA-Ambiental-Protudos-1000x1000px-08.jpg","type":"image\/jpeg"}],"twitter_card":"summary_large_image","twitter_misc":{"Est. tempo de leitura":"2 minutos"},"schema":{"@context":"https:\/\/schema.org","@graph":[{"@type":"WebPage","@id":"https:\/\/papamosca.com.br\/site\/produto\/planthor-4em1\/","url":"https:\/\/papamosca.com.br\/site\/produto\/planthor-4em1\/","name":"Planthor 4 em 1 - J.A Ambiental","isPartOf":{"@id":"https:\/\/papamosca.com.br\/site\/#website"},"primaryImageOfPage":{"@id":"https:\/\/papamosca.com.br\/site\/produto\/planthor-4em1\/#primaryimage"},"image":{"@id":"https:\/\/papamosca.com.br\/site\/produto\/planthor-4em1\/#primaryimage"},"thumbnailUrl":"https:\/\/papamosca.com.br\/site\/wp-content\/uploads\/2023\/01\/JA-Ambiental-Protudos-1000x1000px-08.jpg","datePublished":"2023-12-05T14:51:28+00:00","dateModified":"2025-01-30T15:54:45+00:00","breadcrumb":{"@id":"https:\/\/papamosca.com.br\/site\/produto\/planthor-4em1\/#breadcrumb"},"inLanguage":"pt-BR","potentialAction":[{"@type":"ReadAction","target":["https:\/\/papamosca.com.br\/site\/produto\/planthor-4em1\/"]}]},{"@type":"ImageObject","inLanguage":"pt-BR","@id":"https:\/\/papamosca.com.br\/site\/produto\/planthor-4em1\/#primaryimage","url":"https:\/\/papamosca.com.br\/site\/wp-content\/uploads\/2023\/01\/JA-Ambiental-Protudos-1000x1000px-08.jpg","contentUrl":"https:\/\/papamosca.com.br\/site\/wp-content\/uploads\/2023\/01\/JA-Ambiental-Protudos-1000x1000px-08.jpg","width":1000,"height":1000},{"@type":"BreadcrumbList","@id":"https:\/\/papamosca.com.br\/site\/produto\/planthor-4em1\/#breadcrumb","itemListElement":[{"@type":"ListItem","position":1,"name":"In\u00edcio","item":"https:\/\/papamosca.com.br\/site\/"},{"@type":"ListItem","position":2,"name":"Produtos","item":"https:\/\/papamosca.com.br\/site\/produtos\/"},{"@type":"ListItem","position":3,"name":"Planthor 4 em 1"}]},{"@type":"WebSite","@id":"https:\/\/papamosca.com.br\/site\/#website","url":"https:\/\/papamosca.com.br\/site\/","name":"J.A Ambiental","description":"Empresa especializada em produtos para controle de moscas, insetos e roedores.","publisher":{"@id":"https:\/\/papamosca.com.br\/site\/#organization"},"potentialAction":[{"@type":"SearchAction","target":{"@type":"EntryPoint","urlTemplate":"https:\/\/papamosca.com.br\/site\/?s={search_term_string}"},"query-input":{"@type":"PropertyValueSpecification","valueRequired":true,"valueName":"search_term_string"}}],"inLanguage":"pt-BR"},{"@type":"Organization","@id":"https:\/\/papamosca.com.br\/site\/#organization","name":"J.A Ambiental","url":"https:\/\/papamosca.com.br\/site\/","logo":{"@type":"ImageObject","inLanguage":"pt-BR","@id":"https:\/\/papamosca.com.br\/site\/#\/schema\/logo\/image\/","url":"https:\/\/papamosca.com.br\/site\/wp-content\/uploads\/2023\/01\/logo-e1674739313371.png","contentUrl":"https:\/\/papamosca.com.br\/site\/wp-content\/uploads\/2023\/01\/logo-e1674739313371.png","width":199,"height":100,"caption":"J.A Ambiental"},"image":{"@id":"https:\/\/papamosca.com.br\/site\/#\/schema\/logo\/image\/"},"sameAs":["https:\/\/www.facebook.com\/jaambiental","https:\/\/www.instagram.com\/jaambiental\/"]}]}},"_links":{"self":[{"href":"https:\/\/papamosca.com.br\/site\/wp-json\/wp\/v2\/product\/436","targetHints":{"allow":["GET"]}}],"collection":[{"href":"https:\/\/papamosca.com.br\/site\/wp-json\/wp\/v2\/product"}],"about":[{"href":"https:\/\/papamosca.com.br\/site\/wp-json\/wp\/v2\/types\/product"}],"wp:featuredmedia":[{"embeddable":true,"href":"https:\/\/papamosca.com.br\/site\/wp-json\/wp\/v2\/media\/547"}],"wp:attachment":[{"href":"https:\/\/papamosca.com.br\/site\/wp-json\/wp\/v2\/media?parent=436"}],"wp:term":[{"taxonomy":"product_brand","embeddable":true,"href":"https:\/\/papamosca.com.br\/site\/wp-json\/wp\/v2\/product_brand?post=436"},{"taxonomy":"product_cat","embeddable":true,"href":"https:\/\/papamosca.com.br\/site\/wp-json\/wp\/v2\/product_cat?post=436"},{"taxonomy":"product_tag","embeddable":true,"href":"https:\/\/papamosca.com.br\/site\/wp-json\/wp\/v2\/product_tag?post=436"}],"curies":[{"name":"wp","href":"https:\/\/api.w.org\/{rel}","templated":true}]}}