{"id":108,"date":"2023-01-26T15:35:48","date_gmt":"2023-01-26T18:35:48","guid":{"rendered":"https:\/\/papamosca.com.br\/site\/?post_type=product&#038;p=108"},"modified":"2025-01-24T16:24:10","modified_gmt":"2025-01-24T19:24:10","slug":"armadilha-biologica","status":"publish","type":"product","link":"https:\/\/papamosca.com.br\/site\/produto\/armadilha-biologica\/","title":{"rendered":"Armadilha Biol\u00f3gica"},"content":{"rendered":"<p>A armadilha de moscas Papa Mosca \u00e9 um dispositivo de controle biol\u00f3gico de moscas. Ela \u00e9 composta pela cuba e peneira em polipropileno virgem, que formam o recipiente onde as moscas s\u00e3o capturadas. A cuba \u00e9 posicionada em um suporte (aranha) e haste zincado, que pode ser fixado solo. A tampa \u00e9 em policarbonato virgem com abas laterais para prote\u00e7\u00e3o de entrada de \u00e1gua de chuva.<\/p>\n<p>O funcionamento da armadilha \u00e9 simples. As moscas s\u00e3o atra\u00eddas pelo atrativo, que \u00e9 uma solu\u00e7\u00e3o 100% natural. As moscas entram na armadilha pelo orif\u00edcio inferior e, ao tentar sair, ficam presas na armadilha, onde morrem por estresse ou afogamento.<\/p>\n<p>As armadilhas Papa Mosca s\u00e3o eficazes no controle de moscas, s\u00e3o recomendadas para \u00e1reas onde infesta\u00e7\u00f5es de moscas s\u00e3o problemas.<\/p>\n<p><strong>Vantagens:<\/strong><\/p>\n<ul>\n<li>Eficaz no controle de moscas em ambientes;<\/li>\n<li>Ecologicamente correta;<\/li>\n<li>F\u00e1cil de usar;<\/li>\n<li>Possui garantia de controle.<\/li>\n<\/ul>\n<p>&nbsp;<\/p>\n<p><strong>Modo de Usar:<\/strong><\/p>\n<ul>\n<li>Escolher um local adequado para instalar a armadilha, preferencialmente \u00e1rea externa, afastada de 5 a 10 metros do local a ser controlado.<\/li>\n<li>Fixar haste no solo, certificar-se de que o suporte esteja firme e nivelado.<\/li>\n<li>Encaixar aranha, cuba e a peneira em polipropileno virgem no suporte haste, a peneira serve para coar o atrativo e separar as moscas capturadas.<\/li>\n<li>Agitar bem a garrafa, adicionar 2 litros de atrativo na armadilha, ele \u00e9 o respons\u00e1vel por atrair as moscas.<\/li>\n<li>Colocar a tampa em policarbonato virgem sobre a cuba, de forma que as abas laterais fiquem voltadas para baixo e fechar com porca borboleta. A tampa serve para proteger o atrativo da entrada de \u00e1gua de chuva e evitar a evapora\u00e7\u00e3o do produto.<\/li>\n<li>Verificar a armadilha periodicamente, de prefer\u00eancia a cada 7 dias. Quando a armadilha estiver cheia de moscas, retirar a tampa e a peneira e coar o atrativo, separando as moscas capturadas.<\/li>\n<li>Descartar as moscas de forma adequada, enterrando-as ou queimando-as.<\/li>\n<li>Reaproveitar o atrativo, completando novamente a quantidade de 2 litros na armadilha.<\/li>\n<\/ul>\n<p>&nbsp;<\/p>\n<p><strong>Indica\u00e7\u00f5es:<\/strong><\/p>\n<p>Curtumes, aviculturas, frigor\u00edficos, suinoculturas, bovinoculturas, ind\u00fastrias e centros de distribui\u00e7\u00e3o de alimentos, latic\u00ednios, pousadas, hot\u00e9is, aterros sanit\u00e1rios, qualquer ambiente com \u00e1rea externa para instala\u00e7\u00e3o das armadilhas.<\/p>\n<p><strong>Veja como instalar:<\/strong><\/p>\n<p><iframe  id=\"_ytid_92437\"  width=\"800\" height=\"450\"  data-origwidth=\"800\" data-origheight=\"450\" src=\"https:\/\/www.youtube.com\/embed\/FzoLfkjD9uQ?enablejsapi=1&#038;autoplay=0&#038;cc_load_policy=0&#038;cc_lang_pref=&#038;iv_load_policy=1&#038;loop=0&#038;rel=1&#038;fs=1&#038;playsinline=0&#038;autohide=2&#038;theme=dark&#038;color=red&#038;controls=1&#038;disablekb=0&#038;\" class=\"__youtube_prefs__  epyt-is-override  no-lazyload\" title=\"YouTube player\"  allow=\"fullscreen; accelerometer; autoplay; clipboard-write; encrypted-media; gyroscope; picture-in-picture; web-share\" referrerpolicy=\"strict-origin-when-cross-origin\" allowfullscreen data-no-lazy=\"1\" data-skipgform_ajax_framebjll=\"\"><\/iframe><\/p>\n<p>&nbsp;<\/p>\n<p>&nbsp;<\/p>\n<p><img fetchpriority=\"high\" decoding=\"async\" class=\"alignnone wp-image-433 size-large\" src=\"https:\/\/papamosca.com.br\/site\/wp-content\/uploads\/2023\/01\/casa-armadilhas-1024x540.jpg\" alt=\"\" width=\"800\" height=\"422\" srcset=\"https:\/\/papamosca.com.br\/site\/wp-content\/uploads\/2023\/01\/casa-armadilhas-1024x540.jpg 1024w, https:\/\/papamosca.com.br\/site\/wp-content\/uploads\/2023\/01\/casa-armadilhas-600x316.jpg 600w, https:\/\/papamosca.com.br\/site\/wp-content\/uploads\/2023\/01\/casa-armadilhas-300x158.jpg 300w, https:\/\/papamosca.com.br\/site\/wp-content\/uploads\/2023\/01\/casa-armadilhas-768x405.jpg 768w, https:\/\/papamosca.com.br\/site\/wp-content\/uploads\/2023\/01\/casa-armadilhas-1536x810.jpg 1536w, https:\/\/papamosca.com.br\/site\/wp-content\/uploads\/2023\/01\/casa-armadilhas.jpg 1667w\" sizes=\"(max-width: 800px) 100vw, 800px\" \/><\/p>\n","protected":false},"excerpt":{"rendered":"<p>Dispositivo, armadilha de controle biol\u00f3gico de moscas<\/p>\n","protected":false},"featured_media":540,"template":"","meta":[],"product_brand":[],"product_cat":[18],"product_tag":[],"class_list":{"0":"post-108","1":"product","2":"type-product","3":"status-publish","4":"has-post-thumbnail","6":"product_cat-papa-mosca","8":"first","9":"instock","10":"shipping-taxable","11":"product-type-simple"},"yoast_head":"<!-- This site is optimized with the Yoast SEO plugin v27.4 - https:\/\/yoast.com\/product\/yoast-seo-wordpress\/ -->\n<title>Armadilha Biol\u00f3gica - J.A Ambiental<\/title>\n<meta name=\"robots\" content=\"index, follow, max-snippet:-1, max-image-preview:large, max-video-preview:-1\" \/>\n<link rel=\"canonical\" href=\"https:\/\/papamosca.com.br\/site\/produto\/armadilha-biologica\/\" \/>\n<meta property=\"og:locale\" content=\"pt_BR\" \/>\n<meta property=\"og:type\" content=\"article\" \/>\n<meta property=\"og:title\" content=\"Armadilha Biol\u00f3gica - J.A Ambiental\" \/>\n<meta property=\"og:description\" content=\"Dispositivo, armadilha de controle biol\u00f3gico de moscas\" \/>\n<meta property=\"og:url\" content=\"https:\/\/papamosca.com.br\/site\/produto\/armadilha-biologica\/\" \/>\n<meta property=\"og:site_name\" content=\"J.A Ambiental\" \/>\n<meta property=\"article:publisher\" content=\"https:\/\/www.facebook.com\/jaambiental\" \/>\n<meta property=\"article:modified_time\" content=\"2025-01-24T19:24:10+00:00\" \/>\n<meta property=\"og:image\" content=\"https:\/\/papamosca.com.br\/site\/wp-content\/uploads\/2023\/01\/JA-Ambiental-Protudos-1000x1000px-01.jpg\" \/>\n\t<meta property=\"og:image:width\" content=\"1000\" \/>\n\t<meta property=\"og:image:height\" content=\"1000\" \/>\n\t<meta property=\"og:image:type\" content=\"image\/jpeg\" \/>\n<meta name=\"twitter:card\" content=\"summary_large_image\" \/>\n<meta name=\"twitter:label1\" content=\"Est. tempo de leitura\" \/>\n\t<meta name=\"twitter:data1\" content=\"3 minutos\" \/>\n<script type=\"application\/ld+json\" class=\"yoast-schema-graph\">{\"@context\":\"https:\\\/\\\/schema.org\",\"@graph\":[{\"@type\":\"WebPage\",\"@id\":\"https:\\\/\\\/papamosca.com.br\\\/site\\\/produto\\\/armadilha-biologica\\\/\",\"url\":\"https:\\\/\\\/papamosca.com.br\\\/site\\\/produto\\\/armadilha-biologica\\\/\",\"name\":\"Armadilha Biol\u00f3gica - J.A Ambiental\",\"isPartOf\":{\"@id\":\"https:\\\/\\\/papamosca.com.br\\\/site\\\/#website\"},\"primaryImageOfPage\":{\"@id\":\"https:\\\/\\\/papamosca.com.br\\\/site\\\/produto\\\/armadilha-biologica\\\/#primaryimage\"},\"image\":{\"@id\":\"https:\\\/\\\/papamosca.com.br\\\/site\\\/produto\\\/armadilha-biologica\\\/#primaryimage\"},\"thumbnailUrl\":\"https:\\\/\\\/papamosca.com.br\\\/site\\\/wp-content\\\/uploads\\\/2023\\\/01\\\/JA-Ambiental-Protudos-1000x1000px-01.jpg\",\"datePublished\":\"2023-01-26T18:35:48+00:00\",\"dateModified\":\"2025-01-24T19:24:10+00:00\",\"breadcrumb\":{\"@id\":\"https:\\\/\\\/papamosca.com.br\\\/site\\\/produto\\\/armadilha-biologica\\\/#breadcrumb\"},\"inLanguage\":\"pt-BR\",\"potentialAction\":[{\"@type\":\"ReadAction\",\"target\":[\"https:\\\/\\\/papamosca.com.br\\\/site\\\/produto\\\/armadilha-biologica\\\/\"]}]},{\"@type\":\"ImageObject\",\"inLanguage\":\"pt-BR\",\"@id\":\"https:\\\/\\\/papamosca.com.br\\\/site\\\/produto\\\/armadilha-biologica\\\/#primaryimage\",\"url\":\"https:\\\/\\\/papamosca.com.br\\\/site\\\/wp-content\\\/uploads\\\/2023\\\/01\\\/JA-Ambiental-Protudos-1000x1000px-01.jpg\",\"contentUrl\":\"https:\\\/\\\/papamosca.com.br\\\/site\\\/wp-content\\\/uploads\\\/2023\\\/01\\\/JA-Ambiental-Protudos-1000x1000px-01.jpg\",\"width\":1000,\"height\":1000},{\"@type\":\"BreadcrumbList\",\"@id\":\"https:\\\/\\\/papamosca.com.br\\\/site\\\/produto\\\/armadilha-biologica\\\/#breadcrumb\",\"itemListElement\":[{\"@type\":\"ListItem\",\"position\":1,\"name\":\"In\u00edcio\",\"item\":\"https:\\\/\\\/papamosca.com.br\\\/site\\\/\"},{\"@type\":\"ListItem\",\"position\":2,\"name\":\"Produtos\",\"item\":\"https:\\\/\\\/papamosca.com.br\\\/site\\\/produtos\\\/\"},{\"@type\":\"ListItem\",\"position\":3,\"name\":\"Armadilha Biol\u00f3gica\"}]},{\"@type\":\"WebSite\",\"@id\":\"https:\\\/\\\/papamosca.com.br\\\/site\\\/#website\",\"url\":\"https:\\\/\\\/papamosca.com.br\\\/site\\\/\",\"name\":\"J.A Ambiental\",\"description\":\"Empresa especializada em produtos para controle de moscas, insetos e roedores.\",\"publisher\":{\"@id\":\"https:\\\/\\\/papamosca.com.br\\\/site\\\/#organization\"},\"potentialAction\":[{\"@type\":\"SearchAction\",\"target\":{\"@type\":\"EntryPoint\",\"urlTemplate\":\"https:\\\/\\\/papamosca.com.br\\\/site\\\/?s={search_term_string}\"},\"query-input\":{\"@type\":\"PropertyValueSpecification\",\"valueRequired\":true,\"valueName\":\"search_term_string\"}}],\"inLanguage\":\"pt-BR\"},{\"@type\":\"Organization\",\"@id\":\"https:\\\/\\\/papamosca.com.br\\\/site\\\/#organization\",\"name\":\"J.A Ambiental\",\"url\":\"https:\\\/\\\/papamosca.com.br\\\/site\\\/\",\"logo\":{\"@type\":\"ImageObject\",\"inLanguage\":\"pt-BR\",\"@id\":\"https:\\\/\\\/papamosca.com.br\\\/site\\\/#\\\/schema\\\/logo\\\/image\\\/\",\"url\":\"https:\\\/\\\/papamosca.com.br\\\/site\\\/wp-content\\\/uploads\\\/2023\\\/01\\\/logo-e1674739313371.png\",\"contentUrl\":\"https:\\\/\\\/papamosca.com.br\\\/site\\\/wp-content\\\/uploads\\\/2023\\\/01\\\/logo-e1674739313371.png\",\"width\":199,\"height\":100,\"caption\":\"J.A Ambiental\"},\"image\":{\"@id\":\"https:\\\/\\\/papamosca.com.br\\\/site\\\/#\\\/schema\\\/logo\\\/image\\\/\"},\"sameAs\":[\"https:\\\/\\\/www.facebook.com\\\/jaambiental\",\"https:\\\/\\\/www.instagram.com\\\/jaambiental\\\/\"]}]}<\/script>\n<!-- \/ Yoast SEO plugin. -->","yoast_head_json":{"title":"Armadilha Biol\u00f3gica - J.A Ambiental","robots":{"index":"index","follow":"follow","max-snippet":"max-snippet:-1","max-image-preview":"max-image-preview:large","max-video-preview":"max-video-preview:-1"},"canonical":"https:\/\/papamosca.com.br\/site\/produto\/armadilha-biologica\/","og_locale":"pt_BR","og_type":"article","og_title":"Armadilha Biol\u00f3gica - J.A Ambiental","og_description":"Dispositivo, armadilha de controle biol\u00f3gico de moscas","og_url":"https:\/\/papamosca.com.br\/site\/produto\/armadilha-biologica\/","og_site_name":"J.A Ambiental","article_publisher":"https:\/\/www.facebook.com\/jaambiental","article_modified_time":"2025-01-24T19:24:10+00:00","og_image":[{"width":1000,"height":1000,"url":"https:\/\/papamosca.com.br\/site\/wp-content\/uploads\/2023\/01\/JA-Ambiental-Protudos-1000x1000px-01.jpg","type":"image\/jpeg"}],"twitter_card":"summary_large_image","twitter_misc":{"Est. tempo de leitura":"3 minutos"},"schema":{"@context":"https:\/\/schema.org","@graph":[{"@type":"WebPage","@id":"https:\/\/papamosca.com.br\/site\/produto\/armadilha-biologica\/","url":"https:\/\/papamosca.com.br\/site\/produto\/armadilha-biologica\/","name":"Armadilha Biol\u00f3gica - J.A Ambiental","isPartOf":{"@id":"https:\/\/papamosca.com.br\/site\/#website"},"primaryImageOfPage":{"@id":"https:\/\/papamosca.com.br\/site\/produto\/armadilha-biologica\/#primaryimage"},"image":{"@id":"https:\/\/papamosca.com.br\/site\/produto\/armadilha-biologica\/#primaryimage"},"thumbnailUrl":"https:\/\/papamosca.com.br\/site\/wp-content\/uploads\/2023\/01\/JA-Ambiental-Protudos-1000x1000px-01.jpg","datePublished":"2023-01-26T18:35:48+00:00","dateModified":"2025-01-24T19:24:10+00:00","breadcrumb":{"@id":"https:\/\/papamosca.com.br\/site\/produto\/armadilha-biologica\/#breadcrumb"},"inLanguage":"pt-BR","potentialAction":[{"@type":"ReadAction","target":["https:\/\/papamosca.com.br\/site\/produto\/armadilha-biologica\/"]}]},{"@type":"ImageObject","inLanguage":"pt-BR","@id":"https:\/\/papamosca.com.br\/site\/produto\/armadilha-biologica\/#primaryimage","url":"https:\/\/papamosca.com.br\/site\/wp-content\/uploads\/2023\/01\/JA-Ambiental-Protudos-1000x1000px-01.jpg","contentUrl":"https:\/\/papamosca.com.br\/site\/wp-content\/uploads\/2023\/01\/JA-Ambiental-Protudos-1000x1000px-01.jpg","width":1000,"height":1000},{"@type":"BreadcrumbList","@id":"https:\/\/papamosca.com.br\/site\/produto\/armadilha-biologica\/#breadcrumb","itemListElement":[{"@type":"ListItem","position":1,"name":"In\u00edcio","item":"https:\/\/papamosca.com.br\/site\/"},{"@type":"ListItem","position":2,"name":"Produtos","item":"https:\/\/papamosca.com.br\/site\/produtos\/"},{"@type":"ListItem","position":3,"name":"Armadilha Biol\u00f3gica"}]},{"@type":"WebSite","@id":"https:\/\/papamosca.com.br\/site\/#website","url":"https:\/\/papamosca.com.br\/site\/","name":"J.A Ambiental","description":"Empresa especializada em produtos para controle de moscas, insetos e roedores.","publisher":{"@id":"https:\/\/papamosca.com.br\/site\/#organization"},"potentialAction":[{"@type":"SearchAction","target":{"@type":"EntryPoint","urlTemplate":"https:\/\/papamosca.com.br\/site\/?s={search_term_string}"},"query-input":{"@type":"PropertyValueSpecification","valueRequired":true,"valueName":"search_term_string"}}],"inLanguage":"pt-BR"},{"@type":"Organization","@id":"https:\/\/papamosca.com.br\/site\/#organization","name":"J.A Ambiental","url":"https:\/\/papamosca.com.br\/site\/","logo":{"@type":"ImageObject","inLanguage":"pt-BR","@id":"https:\/\/papamosca.com.br\/site\/#\/schema\/logo\/image\/","url":"https:\/\/papamosca.com.br\/site\/wp-content\/uploads\/2023\/01\/logo-e1674739313371.png","contentUrl":"https:\/\/papamosca.com.br\/site\/wp-content\/uploads\/2023\/01\/logo-e1674739313371.png","width":199,"height":100,"caption":"J.A Ambiental"},"image":{"@id":"https:\/\/papamosca.com.br\/site\/#\/schema\/logo\/image\/"},"sameAs":["https:\/\/www.facebook.com\/jaambiental","https:\/\/www.instagram.com\/jaambiental\/"]}]}},"_links":{"self":[{"href":"https:\/\/papamosca.com.br\/site\/wp-json\/wp\/v2\/product\/108","targetHints":{"allow":["GET"]}}],"collection":[{"href":"https:\/\/papamosca.com.br\/site\/wp-json\/wp\/v2\/product"}],"about":[{"href":"https:\/\/papamosca.com.br\/site\/wp-json\/wp\/v2\/types\/product"}],"wp:featuredmedia":[{"embeddable":true,"href":"https:\/\/papamosca.com.br\/site\/wp-json\/wp\/v2\/media\/540"}],"wp:attachment":[{"href":"https:\/\/papamosca.com.br\/site\/wp-json\/wp\/v2\/media?parent=108"}],"wp:term":[{"taxonomy":"product_brand","embeddable":true,"href":"https:\/\/papamosca.com.br\/site\/wp-json\/wp\/v2\/product_brand?post=108"},{"taxonomy":"product_cat","embeddable":true,"href":"https:\/\/papamosca.com.br\/site\/wp-json\/wp\/v2\/product_cat?post=108"},{"taxonomy":"product_tag","embeddable":true,"href":"https:\/\/papamosca.com.br\/site\/wp-json\/wp\/v2\/product_tag?post=108"}],"curies":[{"name":"wp","href":"https:\/\/api.w.org\/{rel}","templated":true}]}}