{"id":101,"date":"2023-01-26T15:35:28","date_gmt":"2023-01-26T18:35:28","guid":{"rendered":"https:\/\/papamosca.com.br\/site\/?post_type=product&#038;p=101"},"modified":"2025-01-22T15:24:55","modified_gmt":"2025-01-22T18:24:55","slug":"atrativo-2l","status":"publish","type":"product","link":"https:\/\/papamosca.com.br\/site\/produto\/atrativo-2l\/","title":{"rendered":"Atrativo 2L"},"content":{"rendered":"<p>O atrativo de moscas Papa Mosca vem em uma embalagem pet virgem de 2 litros e pode ser usado nas armadilhas papa mosca, que s\u00e3o solu\u00e7\u00f5es ecol\u00f3gicas e definitivas contra as moscas. O produto tem uma atra\u00e7\u00e3o instant\u00e2nea e um controle garantido das moscas, reduzindo mais de 90% a popula\u00e7\u00e3o local desses insetos. Al\u00e9m do controle na garantia da sanidade e do bem-estar animal, humano e ambiental.<\/p>\n<p>O atrativo de moscas papa mosca \u00e9 ideal para diversos locais, como aviculturas, bovinoculturas, suinoculturas, curtumes, frigor\u00edficos, restaurantes, pousadas, aterros sanit\u00e1rios, qualquer ambiente que tenha \u00e1rea externa para instala\u00e7\u00e3o das armadilhas. Experimente essa solu\u00e7\u00e3o inovadora e surpreenda-se com os resultados. O Papa Mosca \u00e9 a autoridade no controle de moscas.<\/p>\n<p><strong>Vantagens:<\/strong><\/p>\n<ul>\n<li>Atrai e elimina rapidamente as moscas, atra\u00e7\u00e3o instant\u00e2nea;<\/li>\n<li>Reduz mais de 90% a popula\u00e7\u00e3o local de moscas;<\/li>\n<li>Aumenta a sanidade das instala\u00e7\u00f5es animais;<\/li>\n<li>Captura mais de 120 mil moscas por armadilha;<\/li>\n<li>Econ\u00f4mico;<\/li>\n<li>Seguro para o homem, animais e para o meio ambiente.<\/li>\n<\/ul>\n<p>O papa mosca \u00e9 um produto exclusivo e inovador, que oferece uma solu\u00e7\u00e3o ecol\u00f3gica e definitiva contra as moscas, que s\u00e3o pragas que podem transmitir doen\u00e7as e causar preju\u00edzos. Ele funciona \u00e0 base de um atrativo org\u00e2nico n\u00e3o t\u00f3xico, que imita a alimenta\u00e7\u00e3o e a reprodu\u00e7\u00e3o das moscas, atraindo-as e eliminando-as sem o uso de venenos ou inseticidas.<\/p>\n<p><strong>Instru\u00e7\u00f5es de montagem<\/strong><\/p>\n<p>Clique nos links e veja como montar as armadilhas e colocar o atrativo:<\/p>\n<p><a href=\"https:\/\/youtu.be\/FzoLfkjD9uQ?si=0rfXiBVWgWeqmaed\" target=\"_blank\" rel=\"noopener\">Armadilha Biol\u00f3gica<\/a><\/p>\n<p><a href=\"https:\/\/youtu.be\/uls3lkVdupg?si=IGjWZPWExiBWBqw2\" target=\"_blank\" rel=\"noopener\">Armadilha de Tela<\/a><\/p>\n<p>Agite o atrativo antes de abrir<br \/>\nArmazene em local fresco e arejado.<\/p>\n","protected":false},"excerpt":{"rendered":"<p>O atrativo de moscas Papa Mosca \u00e9 um produto exclusivamente biol\u00f3gico que n\u00e3o cont\u00e9m nenhum elemento qu\u00edmico. Ele \u00e9 elaborado a partir de prote\u00edna animal e \u00e1gua, o que as atrai e as elimina rapidamente. O produto \u00e9 100% natural e n\u00e3o representa perigo ao homem, aos animais e ao meio ambiente.<\/p>\n","protected":false},"featured_media":817,"template":"","meta":[],"product_brand":[],"product_cat":[18],"product_tag":[],"class_list":{"0":"post-101","1":"product","2":"type-product","3":"status-publish","4":"has-post-thumbnail","6":"product_cat-papa-mosca","8":"first","9":"instock","10":"shipping-taxable","11":"product-type-simple"},"yoast_head":"<!-- This site is optimized with the Yoast SEO plugin v27.4 - https:\/\/yoast.com\/product\/yoast-seo-wordpress\/ -->\n<title>Atrativo 2L - J.A Ambiental<\/title>\n<meta name=\"robots\" content=\"index, follow, max-snippet:-1, max-image-preview:large, max-video-preview:-1\" \/>\n<link rel=\"canonical\" href=\"https:\/\/papamosca.com.br\/site\/produto\/atrativo-2l\/\" \/>\n<meta property=\"og:locale\" content=\"pt_BR\" \/>\n<meta property=\"og:type\" content=\"article\" \/>\n<meta property=\"og:title\" content=\"Atrativo 2L - J.A Ambiental\" \/>\n<meta property=\"og:description\" content=\"O atrativo de moscas Papa Mosca \u00e9 um produto exclusivamente biol\u00f3gico que n\u00e3o cont\u00e9m nenhum elemento qu\u00edmico. Ele \u00e9 elaborado a partir de prote\u00edna animal e \u00e1gua, o que as atrai e as elimina rapidamente. O produto \u00e9 100% natural e n\u00e3o representa perigo ao homem, aos animais e ao meio ambiente.\" \/>\n<meta property=\"og:url\" content=\"https:\/\/papamosca.com.br\/site\/produto\/atrativo-2l\/\" \/>\n<meta property=\"og:site_name\" content=\"J.A Ambiental\" \/>\n<meta property=\"article:publisher\" content=\"https:\/\/www.facebook.com\/jaambiental\" \/>\n<meta property=\"article:modified_time\" content=\"2025-01-22T18:24:55+00:00\" \/>\n<meta property=\"og:image\" content=\"https:\/\/papamosca.com.br\/site\/wp-content\/uploads\/2023\/01\/atrativo2l-1000X1000px.jpg\" \/>\n\t<meta property=\"og:image:width\" content=\"1000\" \/>\n\t<meta property=\"og:image:height\" content=\"1000\" \/>\n\t<meta property=\"og:image:type\" content=\"image\/jpeg\" \/>\n<meta name=\"twitter:card\" content=\"summary_large_image\" \/>\n<meta name=\"twitter:label1\" content=\"Est. tempo de leitura\" \/>\n\t<meta name=\"twitter:data1\" content=\"2 minutos\" \/>\n<script type=\"application\/ld+json\" class=\"yoast-schema-graph\">{\"@context\":\"https:\\\/\\\/schema.org\",\"@graph\":[{\"@type\":\"WebPage\",\"@id\":\"https:\\\/\\\/papamosca.com.br\\\/site\\\/produto\\\/atrativo-2l\\\/\",\"url\":\"https:\\\/\\\/papamosca.com.br\\\/site\\\/produto\\\/atrativo-2l\\\/\",\"name\":\"Atrativo 2L - J.A Ambiental\",\"isPartOf\":{\"@id\":\"https:\\\/\\\/papamosca.com.br\\\/site\\\/#website\"},\"primaryImageOfPage\":{\"@id\":\"https:\\\/\\\/papamosca.com.br\\\/site\\\/produto\\\/atrativo-2l\\\/#primaryimage\"},\"image\":{\"@id\":\"https:\\\/\\\/papamosca.com.br\\\/site\\\/produto\\\/atrativo-2l\\\/#primaryimage\"},\"thumbnailUrl\":\"https:\\\/\\\/papamosca.com.br\\\/site\\\/wp-content\\\/uploads\\\/2023\\\/01\\\/atrativo2l-1000X1000px.jpg\",\"datePublished\":\"2023-01-26T18:35:28+00:00\",\"dateModified\":\"2025-01-22T18:24:55+00:00\",\"breadcrumb\":{\"@id\":\"https:\\\/\\\/papamosca.com.br\\\/site\\\/produto\\\/atrativo-2l\\\/#breadcrumb\"},\"inLanguage\":\"pt-BR\",\"potentialAction\":[{\"@type\":\"ReadAction\",\"target\":[\"https:\\\/\\\/papamosca.com.br\\\/site\\\/produto\\\/atrativo-2l\\\/\"]}]},{\"@type\":\"ImageObject\",\"inLanguage\":\"pt-BR\",\"@id\":\"https:\\\/\\\/papamosca.com.br\\\/site\\\/produto\\\/atrativo-2l\\\/#primaryimage\",\"url\":\"https:\\\/\\\/papamosca.com.br\\\/site\\\/wp-content\\\/uploads\\\/2023\\\/01\\\/atrativo2l-1000X1000px.jpg\",\"contentUrl\":\"https:\\\/\\\/papamosca.com.br\\\/site\\\/wp-content\\\/uploads\\\/2023\\\/01\\\/atrativo2l-1000X1000px.jpg\",\"width\":1000,\"height\":1000},{\"@type\":\"BreadcrumbList\",\"@id\":\"https:\\\/\\\/papamosca.com.br\\\/site\\\/produto\\\/atrativo-2l\\\/#breadcrumb\",\"itemListElement\":[{\"@type\":\"ListItem\",\"position\":1,\"name\":\"In\u00edcio\",\"item\":\"https:\\\/\\\/papamosca.com.br\\\/site\\\/\"},{\"@type\":\"ListItem\",\"position\":2,\"name\":\"Produtos\",\"item\":\"https:\\\/\\\/papamosca.com.br\\\/site\\\/produtos\\\/\"},{\"@type\":\"ListItem\",\"position\":3,\"name\":\"Atrativo 2L\"}]},{\"@type\":\"WebSite\",\"@id\":\"https:\\\/\\\/papamosca.com.br\\\/site\\\/#website\",\"url\":\"https:\\\/\\\/papamosca.com.br\\\/site\\\/\",\"name\":\"J.A Ambiental\",\"description\":\"Empresa especializada em produtos para controle de moscas, insetos e roedores.\",\"publisher\":{\"@id\":\"https:\\\/\\\/papamosca.com.br\\\/site\\\/#organization\"},\"potentialAction\":[{\"@type\":\"SearchAction\",\"target\":{\"@type\":\"EntryPoint\",\"urlTemplate\":\"https:\\\/\\\/papamosca.com.br\\\/site\\\/?s={search_term_string}\"},\"query-input\":{\"@type\":\"PropertyValueSpecification\",\"valueRequired\":true,\"valueName\":\"search_term_string\"}}],\"inLanguage\":\"pt-BR\"},{\"@type\":\"Organization\",\"@id\":\"https:\\\/\\\/papamosca.com.br\\\/site\\\/#organization\",\"name\":\"J.A Ambiental\",\"url\":\"https:\\\/\\\/papamosca.com.br\\\/site\\\/\",\"logo\":{\"@type\":\"ImageObject\",\"inLanguage\":\"pt-BR\",\"@id\":\"https:\\\/\\\/papamosca.com.br\\\/site\\\/#\\\/schema\\\/logo\\\/image\\\/\",\"url\":\"https:\\\/\\\/papamosca.com.br\\\/site\\\/wp-content\\\/uploads\\\/2023\\\/01\\\/logo-e1674739313371.png\",\"contentUrl\":\"https:\\\/\\\/papamosca.com.br\\\/site\\\/wp-content\\\/uploads\\\/2023\\\/01\\\/logo-e1674739313371.png\",\"width\":199,\"height\":100,\"caption\":\"J.A Ambiental\"},\"image\":{\"@id\":\"https:\\\/\\\/papamosca.com.br\\\/site\\\/#\\\/schema\\\/logo\\\/image\\\/\"},\"sameAs\":[\"https:\\\/\\\/www.facebook.com\\\/jaambiental\",\"https:\\\/\\\/www.instagram.com\\\/jaambiental\\\/\"]}]}<\/script>\n<!-- \/ Yoast SEO plugin. -->","yoast_head_json":{"title":"Atrativo 2L - J.A Ambiental","robots":{"index":"index","follow":"follow","max-snippet":"max-snippet:-1","max-image-preview":"max-image-preview:large","max-video-preview":"max-video-preview:-1"},"canonical":"https:\/\/papamosca.com.br\/site\/produto\/atrativo-2l\/","og_locale":"pt_BR","og_type":"article","og_title":"Atrativo 2L - J.A Ambiental","og_description":"O atrativo de moscas Papa Mosca \u00e9 um produto exclusivamente biol\u00f3gico que n\u00e3o cont\u00e9m nenhum elemento qu\u00edmico. Ele \u00e9 elaborado a partir de prote\u00edna animal e \u00e1gua, o que as atrai e as elimina rapidamente. O produto \u00e9 100% natural e n\u00e3o representa perigo ao homem, aos animais e ao meio ambiente.","og_url":"https:\/\/papamosca.com.br\/site\/produto\/atrativo-2l\/","og_site_name":"J.A Ambiental","article_publisher":"https:\/\/www.facebook.com\/jaambiental","article_modified_time":"2025-01-22T18:24:55+00:00","og_image":[{"width":1000,"height":1000,"url":"https:\/\/papamosca.com.br\/site\/wp-content\/uploads\/2023\/01\/atrativo2l-1000X1000px.jpg","type":"image\/jpeg"}],"twitter_card":"summary_large_image","twitter_misc":{"Est. tempo de leitura":"2 minutos"},"schema":{"@context":"https:\/\/schema.org","@graph":[{"@type":"WebPage","@id":"https:\/\/papamosca.com.br\/site\/produto\/atrativo-2l\/","url":"https:\/\/papamosca.com.br\/site\/produto\/atrativo-2l\/","name":"Atrativo 2L - J.A Ambiental","isPartOf":{"@id":"https:\/\/papamosca.com.br\/site\/#website"},"primaryImageOfPage":{"@id":"https:\/\/papamosca.com.br\/site\/produto\/atrativo-2l\/#primaryimage"},"image":{"@id":"https:\/\/papamosca.com.br\/site\/produto\/atrativo-2l\/#primaryimage"},"thumbnailUrl":"https:\/\/papamosca.com.br\/site\/wp-content\/uploads\/2023\/01\/atrativo2l-1000X1000px.jpg","datePublished":"2023-01-26T18:35:28+00:00","dateModified":"2025-01-22T18:24:55+00:00","breadcrumb":{"@id":"https:\/\/papamosca.com.br\/site\/produto\/atrativo-2l\/#breadcrumb"},"inLanguage":"pt-BR","potentialAction":[{"@type":"ReadAction","target":["https:\/\/papamosca.com.br\/site\/produto\/atrativo-2l\/"]}]},{"@type":"ImageObject","inLanguage":"pt-BR","@id":"https:\/\/papamosca.com.br\/site\/produto\/atrativo-2l\/#primaryimage","url":"https:\/\/papamosca.com.br\/site\/wp-content\/uploads\/2023\/01\/atrativo2l-1000X1000px.jpg","contentUrl":"https:\/\/papamosca.com.br\/site\/wp-content\/uploads\/2023\/01\/atrativo2l-1000X1000px.jpg","width":1000,"height":1000},{"@type":"BreadcrumbList","@id":"https:\/\/papamosca.com.br\/site\/produto\/atrativo-2l\/#breadcrumb","itemListElement":[{"@type":"ListItem","position":1,"name":"In\u00edcio","item":"https:\/\/papamosca.com.br\/site\/"},{"@type":"ListItem","position":2,"name":"Produtos","item":"https:\/\/papamosca.com.br\/site\/produtos\/"},{"@type":"ListItem","position":3,"name":"Atrativo 2L"}]},{"@type":"WebSite","@id":"https:\/\/papamosca.com.br\/site\/#website","url":"https:\/\/papamosca.com.br\/site\/","name":"J.A Ambiental","description":"Empresa especializada em produtos para controle de moscas, insetos e roedores.","publisher":{"@id":"https:\/\/papamosca.com.br\/site\/#organization"},"potentialAction":[{"@type":"SearchAction","target":{"@type":"EntryPoint","urlTemplate":"https:\/\/papamosca.com.br\/site\/?s={search_term_string}"},"query-input":{"@type":"PropertyValueSpecification","valueRequired":true,"valueName":"search_term_string"}}],"inLanguage":"pt-BR"},{"@type":"Organization","@id":"https:\/\/papamosca.com.br\/site\/#organization","name":"J.A Ambiental","url":"https:\/\/papamosca.com.br\/site\/","logo":{"@type":"ImageObject","inLanguage":"pt-BR","@id":"https:\/\/papamosca.com.br\/site\/#\/schema\/logo\/image\/","url":"https:\/\/papamosca.com.br\/site\/wp-content\/uploads\/2023\/01\/logo-e1674739313371.png","contentUrl":"https:\/\/papamosca.com.br\/site\/wp-content\/uploads\/2023\/01\/logo-e1674739313371.png","width":199,"height":100,"caption":"J.A Ambiental"},"image":{"@id":"https:\/\/papamosca.com.br\/site\/#\/schema\/logo\/image\/"},"sameAs":["https:\/\/www.facebook.com\/jaambiental","https:\/\/www.instagram.com\/jaambiental\/"]}]}},"_links":{"self":[{"href":"https:\/\/papamosca.com.br\/site\/wp-json\/wp\/v2\/product\/101","targetHints":{"allow":["GET"]}}],"collection":[{"href":"https:\/\/papamosca.com.br\/site\/wp-json\/wp\/v2\/product"}],"about":[{"href":"https:\/\/papamosca.com.br\/site\/wp-json\/wp\/v2\/types\/product"}],"wp:featuredmedia":[{"embeddable":true,"href":"https:\/\/papamosca.com.br\/site\/wp-json\/wp\/v2\/media\/817"}],"wp:attachment":[{"href":"https:\/\/papamosca.com.br\/site\/wp-json\/wp\/v2\/media?parent=101"}],"wp:term":[{"taxonomy":"product_brand","embeddable":true,"href":"https:\/\/papamosca.com.br\/site\/wp-json\/wp\/v2\/product_brand?post=101"},{"taxonomy":"product_cat","embeddable":true,"href":"https:\/\/papamosca.com.br\/site\/wp-json\/wp\/v2\/product_cat?post=101"},{"taxonomy":"product_tag","embeddable":true,"href":"https:\/\/papamosca.com.br\/site\/wp-json\/wp\/v2\/product_tag?post=101"}],"curies":[{"name":"wp","href":"https:\/\/api.w.org\/{rel}","templated":true}]}}